{"id":917,"date":"2020-10-30T17:20:31","date_gmt":"2020-10-30T16:20:31","guid":{"rendered":"http:\/\/resanet.in2p3.fr\/?page_id=917"},"modified":"2022-12-13T14:35:05","modified_gmt":"2022-12-13T13:35:05","slug":"presentations-grand-public","status":"publish","type":"page","link":"https:\/\/resanet.in2p3.fr\/?page_id=917","title":{"rendered":"Pr\u00e9sentations grand public"},"content":{"rendered":"\n<p>Cette page pr\u00e9sente une collection de pr\u00e9sentations grand public r\u00e9alis\u00e9es par des physiciens du GdR RESANET.<\/p>\n\n\n\n<div id=\"ez-toc-container\" class=\"ez-toc-v2_0_55 counter-hierarchy ez-toc-counter ez-toc-white ez-toc-container-direction\">\n<div class=\"ez-toc-title-container\">\n<p class=\"ez-toc-title \" >Table of contents<\/p>\n<span class=\"ez-toc-title-toggle\"><a href=\"#\" class=\"ez-toc-pull-right ez-toc-btn ez-toc-btn-xs ez-toc-btn-default ez-toc-toggle\" aria-label=\"Toggle Table of Content\" role=\"button\"><label for=\"item-69f6346bb4cfc\" ><span class=\"\"><span style=\"display:none;\">Toggle<\/span><span class=\"ez-toc-icon-toggle-span\"><svg style=\"fill: #999;color:#999\" xmlns=\"http:\/\/www.w3.org\/2000\/svg\" class=\"list-377408\" width=\"20px\" height=\"20px\" viewBox=\"0 0 24 24\" fill=\"none\"><path d=\"M6 6H4v2h2V6zm14 0H8v2h12V6zM4 11h2v2H4v-2zm16 0H8v2h12v-2zM4 16h2v2H4v-2zm16 0H8v2h12v-2z\" fill=\"currentColor\"><\/path><\/svg><svg style=\"fill: #999;color:#999\" class=\"arrow-unsorted-368013\" xmlns=\"http:\/\/www.w3.org\/2000\/svg\" width=\"10px\" height=\"10px\" viewBox=\"0 0 24 24\" version=\"1.2\" baseProfile=\"tiny\"><path d=\"M18.2 9.3l-6.2-6.3-6.2 6.3c-.2.2-.3.4-.3.7s.1.5.3.7c.2.2.4.3.7.3h11c.3 0 .5-.1.7-.3.2-.2.3-.5.3-.7s-.1-.5-.3-.7zM5.8 14.7l6.2 6.3 6.2-6.3c.2-.2.3-.5.3-.7s-.1-.5-.3-.7c-.2-.2-.4-.3-.7-.3h-11c-.3 0-.5.1-.7.3-.2.2-.3.5-.3.7s.1.5.3.7z\"\/><\/svg><\/span><\/span><\/label><input aria-label=\"Toggle\" aria-label=\"item-69f6346bb4cfc\"  type=\"checkbox\" id=\"item-69f6346bb4cfc\"><\/a><\/span><\/div>\n<nav><ul class='ez-toc-list ez-toc-list-level-1 ' ><li class='ez-toc-page-1 ez-toc-heading-level-3'><a class=\"ez-toc-link ez-toc-heading-1\" href=\"https:\/\/resanet.in2p3.fr\/?page_id=917\/#La_physique_du_noyau\" title=\"La physique du noyau\">La physique du noyau<\/a><\/li><li class='ez-toc-page-1 ez-toc-heading-level-3'><a class=\"ez-toc-link ez-toc-heading-2\" href=\"https:\/\/resanet.in2p3.fr\/?page_id=917\/#La_classification_periodique_des_elements\" title=\"La classification p\u00e9riodique des \u00e9l\u00e9ments\">La classification p\u00e9riodique des \u00e9l\u00e9ments<\/a><\/li><li class='ez-toc-page-1 ez-toc-heading-level-3'><a class=\"ez-toc-link ez-toc-heading-3\" href=\"https:\/\/resanet.in2p3.fr\/?page_id=917\/#Liens_entre_la_physique_nucleaire_et_l%E2%80%99astrophysique\" title=\"Liens entre la physique nucl\u00e9aire et l&rsquo;astrophysique\">Liens entre la physique nucl\u00e9aire et l&rsquo;astrophysique<\/a><\/li><li class='ez-toc-page-1 ez-toc-heading-level-3'><a class=\"ez-toc-link ez-toc-heading-4\" href=\"https:\/\/resanet.in2p3.fr\/?page_id=917\/#La_relativite_du_temps\" title=\"La relativit\u00e9 du temps\">La relativit\u00e9 du temps<\/a><\/li><\/ul><\/nav><\/div>\n<h3 class=\"wp-block-heading\"><span class=\"ez-toc-section\" id=\"La_physique_du_noyau\"><\/span>La p<strong>hysique du noyau:<\/strong><span class=\"ez-toc-section-end\"><\/span><\/h3>\n\n\n\n<p>Titre: <strong>Atomes et noyaux, de quoi la mati\u00e8re est-elle construite ?<\/strong><br>Auteur: M. Vandebrouck, CEA Saclay Irfu\/DPhN.<br>Lieu, date: Festival Les Utopiales, Nantes, novembre 2018.<br>Contexte: Universit\u00e9 \u00e9ph\u00e9m\u00e8re des Utopiales, cours grand public.<br>Contenu:<br>Niveau requis: Lyc\u00e9e.<br>Formats: <a rel=\"noreferrer noopener\" href=\"http:\/\/resanet.in2p3.fr\/wp-content\/uploads\/2020\/03\/MVandebrouck_Utopiales2018_ModePres.pptx\" target=\"_blank\">ppt<\/a><\/p>\n\n\n\n<h3 class=\"wp-block-heading\"><span class=\"ez-toc-section\" id=\"La_classification_periodique_des_elements\"><\/span>La classification p\u00e9riodique des \u00e9l\u00e9ments<span class=\"ez-toc-section-end\"><\/span><\/h3>\n\n\n\n<p>Titre:  <strong>L&rsquo;Histoire du tableau p\u00e9riodique des \u00e9l\u00e9ments<\/strong>  <br>Auteur: D. Boilley, GANIL.<br>Lieu, date: Le D\u00f4me, Caen, 7 Octobre 2020<br>Contexte:  Conf\u00e9rence film\u00e9e r\u00e9alis\u00e9e dans le cadre de la f\u00eate de la science (diffusion en direct), voir le lien suivant : <a href=\"https:\/\/www.youtube.com\/watch?v=VV45-H5qtyU\">https:\/\/www.youtube.com\/watch?v=VV45-H5qtyU<\/a> <br>Contenu: aper\u00e7u historique de la d\u00e9couverte des \u00e9l\u00e9ments chimiques.<br>Niveau requis: BAC.<br>Formats: vid\u00e9o, 52 minutes<\/p>\n\n\n\n<h3 class=\"wp-block-heading\"><span class=\"ez-toc-section\" id=\"Liens_entre_la_physique_nucleaire_et_l%E2%80%99astrophysique\"><\/span><strong>Liens entre la physique nucl\u00e9aire et l&rsquo;astrophysique<\/strong><span class=\"ez-toc-section-end\"><\/span><\/h3>\n\n\n\n<p>Titre: <strong>Kilonovae in the multi-messenger era<\/strong><br>Auteur: Sarah Antier, CNES Felloship, APC Paris (http:\/\/sarahantier.eu).<br>Lieu, date: S\u00e9minaire de l&rsquo;IP2I Lyon.<br>Contexte: s\u00e9minaire adress\u00e9 a des chercheurs. Pour une presentation plus grand public (donn\u00e9e au Quebec), voir le lien suivant: <a href=\"https:\/\/www.youtube.com\/watch?v=LYomHkqcBEQ\">https:\/\/www.youtube.com\/watch?v=LYomHkqcBEQ<\/a>.<br>Niveau requis: .<br>Formats: <a rel=\"noreferrer noopener\" aria-label=\"pdf (s\u2019ouvre dans un nouvel onglet)\" href=\"http:\/\/resanet.in2p3.fr\/wp-content\/uploads\/2020\/10\/Seminar_LP2I_public.pdf\" target=\"_blank\">pdf<\/a>.<\/p>\n\n\n\n<p>Titre: <strong>Pourquoi les ondes gravitationnelles font-elles tant de bruit ?<\/strong><br>Auteur: J. Margueron, IP2I Lyon.<br>Lieu, date: Pint of science, Lyon, mai 2019.<br>Contexte: Pr\u00e9sentation montr\u00e9e dans un bar avec un public constitu\u00e9 principalement de jeunes \u00e9tudiants de Lyon (parcours tr\u00e8s vari\u00e9s).<br>Contenu:<br>Niveau requis: BAC.<br>Formats: <a rel=\"noreferrer noopener\" aria-label=\"pdf (s\u2019ouvre dans un nouvel onglet)\" href=\"http:\/\/resanet.in2p3.fr\/wp-content\/uploads\/2020\/03\/2019-05-Pint-GdR.pdf\" target=\"_blank\">pdf<\/a>, ppt<\/p>\n\n\n\n<p> Titre:  <strong>La force du c\u00f4t\u00e9 obscur de l\u2019Univers existe-t-elle ?  <\/strong> <br>Auteur: B. Bastin, GANIL.<br>Lieu, date: Le D\u00f4me, Caen, 6 Octobre 2020<br>Contexte:  Conf\u00e9rence film\u00e9e r\u00e9alis\u00e9e dans le cadre de la f\u00eate de la science (diffusion en direct), voir le lien suivant :  <a href=\"https:\/\/www.youtube.com\/watch?v=cQK3Dfb_Xg0\">https:\/\/www.youtube.com\/watch?v=cQK3Dfb_Xg0<\/a> <br>Contenu: recherche en physique nucl\u00e9aires d&rsquo;une manifestation du c\u00f4t\u00e9 obscure de l&rsquo;univers<br>Niveau requis: BAC+.<br>Formats: vid\u00e9o , 40 minutes  <\/p>\n\n\n\n<p>Titre: <strong>Sommes-nous seuls dans l&rsquo;univers ?<\/strong><br>Auteur: J. Margueron, IP2I Lyon.<br>Lieu, date: Association, Lyon, f\u00e9vrier 2020.<br>Contexte: Pr\u00e9sentation montr\u00e9e dans le cadre d&rsquo;une association avec un public tr\u00e8s large.<br>Contenu:<br>Niveau requis: Lyc\u00e9e.<br>Formats: <a rel=\"noreferrer noopener\" aria-label=\"pdf (s\u2019ouvre dans un nouvel onglet)\" href=\"http:\/\/resanet.in2p3.fr\/wp-content\/uploads\/2020\/03\/2020-Seuls-GdR.pdf\" target=\"_blank\">pdf<\/a>, ppt<\/p>\n\n\n\n<p>Titre: <strong>Quand deux \u00e9toiles \u00e0 neutrons se rencontrent&#8230; La d\u00e9tection en ondes gravitationnelles<\/strong><br>Auteur: M. Oertel, LUTh Meudon.<br>Lieu, date: Lyc\u00e9e Rabelais, Meudon, d\u00e9cembre 2019.<br>Contexte: 80 ans du CNRS.<br>Contenu: Ondes gravitationnelles, GW170817, \u00e9toiles \u00e0 neutrons.<br>Niveau requis: Pr\u00e9sentation faite \u00e0 une classe de premi\u00e8re S.<br>Formats: <a rel=\"noreferrer noopener\" href=\"http:\/\/resanet.in2p3.fr\/wp-content\/uploads\/2020\/12\/2019-12-OG-BNS.pdf\" target=\"_blank\">pdf<\/a>, ppt<\/p>\n\n\n\n<h3 class=\"wp-block-heading\"><span class=\"ez-toc-section\" id=\"La_relativite_du_temps\"><\/span><strong>La relativit\u00e9 du temps<\/strong><span class=\"ez-toc-section-end\"><\/span><\/h3>\n\n\n\n<p>Titre: <strong>Qu&rsquo;est-ce que le temps pour les physiciens ?<\/strong><br>Auteur: J. Margueron, IP2I Lyon.<br>Lieu, date: Les 24h du temps, Besan\u00e7on, juin 2019.<br>Contexte: Pr\u00e9sentation montr\u00e9e dans une salle de conf\u00e9rence lors des 24h du temps, organisation UNESCO m\u00e9tiers horlogerie, avec un public tr\u00e8s large (parcours tr\u00e8s vari\u00e9s).<br>Contenu:<br>Niveau requis: BAC.<br>Formats: <a rel=\"noreferrer noopener\" aria-label=\"pdf (s\u2019ouvre dans un nouvel onglet)\" href=\"http:\/\/resanet.in2p3.fr\/wp-content\/uploads\/2020\/03\/2019-06-24hTemps-GdR.pdf\" target=\"_blank\">pdf<\/a>, ppt<\/p>\n\n\n\n<p><\/p>\n","protected":false},"excerpt":{"rendered":"<p>Cette page pr\u00e9sente une collection de pr\u00e9sentations grand public r\u00e9alis\u00e9es par des physiciens du GdR RESANET. La physique du noyau: Titre: Atomes et noyaux, de quoi la mati\u00e8re est-elle construite ?Auteur: M. Vandebrouck, CEA Saclay Irfu\/DPhN.Lieu, date: Festival Les Utopiales, Nantes, novembre 2018.Contexte: Universit\u00e9 \u00e9ph\u00e9m\u00e8re des Utopiales, cours grand public.Contenu:Niveau requis: Lyc\u00e9e.Formats: ppt La classification &hellip; <a href=\"https:\/\/resanet.in2p3.fr\/?page_id=917\" class=\"more-link\">Continuer la lecture<span class=\"screen-reader-text\"> de &laquo;&nbsp;Pr\u00e9sentations grand public&nbsp;&raquo;<\/span><\/a><\/p>\n","protected":false},"author":6,"featured_media":0,"parent":0,"menu_order":0,"comment_status":"closed","ping_status":"closed","template":"","meta":{"footnotes":""},"class_list":["post-917","page","type-page","status-publish","hentry"],"_links":{"self":[{"href":"https:\/\/resanet.in2p3.fr\/index.php?rest_route=\/wp\/v2\/pages\/917","targetHints":{"allow":["GET"]}}],"collection":[{"href":"https:\/\/resanet.in2p3.fr\/index.php?rest_route=\/wp\/v2\/pages"}],"about":[{"href":"https:\/\/resanet.in2p3.fr\/index.php?rest_route=\/wp\/v2\/types\/page"}],"author":[{"embeddable":true,"href":"https:\/\/resanet.in2p3.fr\/index.php?rest_route=\/wp\/v2\/users\/6"}],"replies":[{"embeddable":true,"href":"https:\/\/resanet.in2p3.fr\/index.php?rest_route=%2Fwp%2Fv2%2Fcomments&post=917"}],"version-history":[{"count":24,"href":"https:\/\/resanet.in2p3.fr\/index.php?rest_route=\/wp\/v2\/pages\/917\/revisions"}],"predecessor-version":[{"id":1124,"href":"https:\/\/resanet.in2p3.fr\/index.php?rest_route=\/wp\/v2\/pages\/917\/revisions\/1124"}],"wp:attachment":[{"href":"https:\/\/resanet.in2p3.fr\/index.php?rest_route=%2Fwp%2Fv2%2Fmedia&parent=917"}],"curies":[{"name":"wp","href":"https:\/\/api.w.org\/{rel}","templated":true}]}}