{"id":860,"date":"2019-03-05T17:45:28","date_gmt":"2019-03-05T16:45:28","guid":{"rendered":"http:\/\/resanet.in2p3.fr\/?page_id=860"},"modified":"2019-04-02T16:36:20","modified_gmt":"2019-04-02T14:36:20","slug":"reunion-du-gt4-13-mai-2019","status":"publish","type":"page","link":"https:\/\/resanet.in2p3.fr\/?page_id=860","title":{"rendered":"R\u00e9union du GT4, \u00c9quation d&rsquo;\u00e9tat nucl\u00e9aire pour Virgo, 13 mai 2019"},"content":{"rendered":"\n<p>Salle de conseil, Observatoire de Paris,<br>61 Avenue de l&rsquo;Observatoire, 75014 Paris.<br><\/p>\n\n\n\n<p>Les groupes de travail \u00ab\u00a0\u00e9toiles \u00e0 neutrons et supernovas\u00a0\u00bb du <a rel=\"noreferrer noopener\" aria-label=\"GdR OG (s\u2019ouvre dans un nouvel onglet)\" href=\"http:\/\/gdrgw.in2p3.fr\" target=\"_blank\">GdR OG<\/a> et \u00ab\u00a0Astrophysique Nucl\u00e9aire\u00a0\u00bb du <a href=\"https:\/\/resanet.in2p3.fr\">GdR RESANET<\/a> se r\u00e9uniront \u00e0 l&rsquo;Observatoire de Paris pour discuter&nbsp;<strong>\u00e9quations d&rsquo;\u00e9tat dans Virgo<\/strong>. <\/p>\n\n\n\n<p>L&rsquo;id\u00e9e est de faire une vraie r\u00e9union de travail, plut\u00f4t technique, visant \u00e0 d\u00e9finir et \u00e0 commencer \u00e0 mettre en place les r\u00e9sultats r\u00e9cents de physique nucl\u00e9aire dans l&rsquo;analyse des donn\u00e9es de Virgo. En particulier, il n&rsquo;y a pas de pr\u00e9sentation scientifique de pr\u00e9vue.<\/p>\n\n\n\n<p>La r\u00e9union est pr\u00e9vue de 10h \u00e0 17h. Si vous \u00eates int\u00e9ress\u00e9, merci d&rsquo;envoyer un message \u00e0 J\u00e9r\u00f4me Novak (jerome.novak at obspm.fr) pour vous inscrire (si vous n&rsquo;avez pas \u00e9t\u00e9 en contact avec l&rsquo;un des organisateurs sur ce sujet).\u00a0<\/p>\n\n\n\n<p>Participants annonc\u00e9s: Marie-Anne Bizouard (ARTEMIS), S\u00e9bastien Guillot (IRAP), Francesca Gulminelli (LPC), Hasim Guven (IPNO), Elias Kitsiris (APC), J\u00e9r\u00f4me Margueron (IPNL), Francesco Nitti (APC), Edward Porter (APC).<\/p>\n\n\n\n<p>Organisateurs: Anthea Fantina (GANIL Caen), Fairouz Hammache (IPN Orsay), Jerome Novak (LUTh Meudon) &amp; Micaela Oertel (LUTh Meudon).<\/p>\n","protected":false},"excerpt":{"rendered":"<p>Salle de conseil, Observatoire de Paris,61 Avenue de l&rsquo;Observatoire, 75014 Paris. Les groupes de travail \u00ab\u00a0\u00e9toiles \u00e0 neutrons et supernovas\u00a0\u00bb du GdR OG et \u00ab\u00a0Astrophysique Nucl\u00e9aire\u00a0\u00bb du GdR RESANET se r\u00e9uniront \u00e0 l&rsquo;Observatoire de Paris pour discuter&nbsp;\u00e9quations d&rsquo;\u00e9tat dans Virgo. L&rsquo;id\u00e9e est de faire une vraie r\u00e9union de travail, plut\u00f4t technique, visant \u00e0 d\u00e9finir et &hellip; <a href=\"https:\/\/resanet.in2p3.fr\/?page_id=860\" class=\"more-link\">Continuer la lecture<span class=\"screen-reader-text\"> de &laquo;&nbsp;R\u00e9union du GT4, \u00c9quation d&rsquo;\u00e9tat nucl\u00e9aire pour Virgo, 13 mai 2019&nbsp;&raquo;<\/span><\/a><\/p>\n","protected":false},"author":6,"featured_media":0,"parent":0,"menu_order":0,"comment_status":"closed","ping_status":"closed","template":"","meta":{"footnotes":""},"class_list":["post-860","page","type-page","status-publish","hentry"],"_links":{"self":[{"href":"https:\/\/resanet.in2p3.fr\/index.php?rest_route=\/wp\/v2\/pages\/860","targetHints":{"allow":["GET"]}}],"collection":[{"href":"https:\/\/resanet.in2p3.fr\/index.php?rest_route=\/wp\/v2\/pages"}],"about":[{"href":"https:\/\/resanet.in2p3.fr\/index.php?rest_route=\/wp\/v2\/types\/page"}],"author":[{"embeddable":true,"href":"https:\/\/resanet.in2p3.fr\/index.php?rest_route=\/wp\/v2\/users\/6"}],"replies":[{"embeddable":true,"href":"https:\/\/resanet.in2p3.fr\/index.php?rest_route=%2Fwp%2Fv2%2Fcomments&post=860"}],"version-history":[{"count":9,"href":"https:\/\/resanet.in2p3.fr\/index.php?rest_route=\/wp\/v2\/pages\/860\/revisions"}],"predecessor-version":[{"id":892,"href":"https:\/\/resanet.in2p3.fr\/index.php?rest_route=\/wp\/v2\/pages\/860\/revisions\/892"}],"wp:attachment":[{"href":"https:\/\/resanet.in2p3.fr\/index.php?rest_route=%2Fwp%2Fv2%2Fmedia&parent=860"}],"curies":[{"name":"wp","href":"https:\/\/api.w.org\/{rel}","templated":true}]}}