{"id":682,"date":"2018-05-24T20:18:10","date_gmt":"2018-05-24T18:18:10","guid":{"rendered":"http:\/\/resanet.in2p3.fr\/?page_id=682"},"modified":"2023-05-10T16:36:48","modified_gmt":"2023-05-10T14:36:48","slug":"emplois","status":"publish","type":"page","link":"https:\/\/resanet.in2p3.fr\/?page_id=682","title":{"rendered":"Job offers: Internships, PhD, post-docs"},"content":{"rendered":"\n<div id=\"ez-toc-container\" class=\"ez-toc-v2_0_55 counter-hierarchy ez-toc-counter ez-toc-white ez-toc-container-direction\">\n<div class=\"ez-toc-title-container\">\n<p class=\"ez-toc-title \" >Table of contents<\/p>\n<span class=\"ez-toc-title-toggle\"><a href=\"#\" class=\"ez-toc-pull-right ez-toc-btn ez-toc-btn-xs ez-toc-btn-default ez-toc-toggle\" aria-label=\"Toggle Table of Content\" role=\"button\"><label for=\"item-69f6353d717e3\" ><span class=\"\"><span style=\"display:none;\">Toggle<\/span><span class=\"ez-toc-icon-toggle-span\"><svg style=\"fill: #999;color:#999\" xmlns=\"http:\/\/www.w3.org\/2000\/svg\" class=\"list-377408\" width=\"20px\" height=\"20px\" viewBox=\"0 0 24 24\" fill=\"none\"><path d=\"M6 6H4v2h2V6zm14 0H8v2h12V6zM4 11h2v2H4v-2zm16 0H8v2h12v-2zM4 16h2v2H4v-2zm16 0H8v2h12v-2z\" fill=\"currentColor\"><\/path><\/svg><svg style=\"fill: #999;color:#999\" class=\"arrow-unsorted-368013\" xmlns=\"http:\/\/www.w3.org\/2000\/svg\" width=\"10px\" height=\"10px\" viewBox=\"0 0 24 24\" version=\"1.2\" baseProfile=\"tiny\"><path d=\"M18.2 9.3l-6.2-6.3-6.2 6.3c-.2.2-.3.4-.3.7s.1.5.3.7c.2.2.4.3.7.3h11c.3 0 .5-.1.7-.3.2-.2.3-.5.3-.7s-.1-.5-.3-.7zM5.8 14.7l6.2 6.3 6.2-6.3c.2-.2.3-.5.3-.7s-.1-.5-.3-.7c-.2-.2-.4-.3-.7-.3h-11c-.3 0-.5.1-.7.3-.2.2-.3.5-.3.7s.1.5.3.7z\"\/><\/svg><\/span><\/span><\/label><input aria-label=\"Toggle\" aria-label=\"item-69f6353d717e3\"  type=\"checkbox\" id=\"item-69f6353d717e3\"><\/a><\/span><\/div>\n<nav><ul class='ez-toc-list ez-toc-list-level-1 ' ><li class='ez-toc-page-1 ez-toc-heading-level-3'><a class=\"ez-toc-link ez-toc-heading-1\" href=\"https:\/\/resanet.in2p3.fr\/?page_id=682\/#Links_to_the_offers_published_by_the_laboratories\" title=\"Links to the offers published by the laboratories\">Links to the offers published by the laboratories<\/a><\/li><li class='ez-toc-page-1 ez-toc-heading-level-3'><a class=\"ez-toc-link ez-toc-heading-2\" href=\"https:\/\/resanet.in2p3.fr\/?page_id=682\/#Links_to_generic_sites\" title=\"Links to generic sites\">Links to generic sites<\/a><\/li><li class='ez-toc-page-1 ez-toc-heading-level-3'><a class=\"ez-toc-link ez-toc-heading-3\" href=\"https:\/\/resanet.in2p3.fr\/?page_id=682\/#List_of_postdoctoral_offers\" title=\"List of postdoctoral offers\">List of postdoctoral offers<\/a><\/li><\/ul><\/nav><\/div>\n<h3 class=\"wp-block-heading\"><span class=\"ez-toc-section\" id=\"Links_to_the_offers_published_by_the_laboratories\"><\/span><strong>Links to the offers published by the laboratories<\/strong><span class=\"ez-toc-section-end\"><\/span><\/h3>\n\n\n\n<ul class=\"wp-block-list\">\n<li>GANIL Caen : <a rel=\"noreferrer noopener\" href=\"https:\/\/www.ganil-spiral2.eu\/jobs\/internships\/master-2-internships-research\/\" target=\"_blank\">Internships<\/a>, <a rel=\"noreferrer noopener\" href=\"https:\/\/www.ganil-spiral2.eu\/jobs\/doctorat-et-post-doc\/phd-positions\/\" target=\"_blank\">PhDs<\/a><\/li>\n\n\n\n<li>IJCLab Orsay: <a href=\"https:\/\/www.ijclab.in2p3.fr\/emploi\/offres-d-emplois\/\" target=\"_blank\" rel=\"noreferrer noopener\">Internships, PhDs and postdocs<\/a><\/li>\n\n\n\n<li>IP2I Lyon: <a href=\"https:\/\/www.ip2i.in2p3.fr\/offres-emplois-stages\/\" target=\"_blank\" rel=\"noreferrer noopener\">Internships, PhDs and postdocs<\/a><\/li>\n\n\n\n<li>IPHC Strasbourg : <a rel=\"noreferrer noopener\" href=\"https:\/\/iphc.cnrs.fr\/emplois-et-stages\/\" target=\"_blank\">Internships and PhDs<\/a><\/li>\n\n\n\n<li>LPC Caen : <a rel=\"noreferrer noopener\" href=\"https:\/\/www.lpc-caen.in2p3.fr\/enseignement\/emplois\/\" target=\"_blank\">Internships and PhDs<\/a><\/li>\n\n\n\n<li>SPhN Saclay : <a rel=\"noreferrer noopener\" href=\"http:\/\/irfu.cea.fr\/stages.php\" target=\"_blank\">Internships<\/a> et <a rel=\"noreferrer noopener\" href=\"http:\/\/irfu.cea.fr\/Phocea\/sujets_de_theses\/\" target=\"_blank\">PhDs<\/a><\/li>\n\n\n\n<li>SUBATECH Nantes : <a rel=\"noreferrer noopener\" href=\"http:\/\/www-subatech.in2p3.fr\/fr\/enseignement\/propositions-de-stages\" target=\"_blank\">Internships and PhDs<\/a><\/li>\n<\/ul>\n\n\n\n<h3 class=\"wp-block-heading\"><span class=\"ez-toc-section\" id=\"Links_to_generic_sites\"><\/span>Links to generic sites:<span class=\"ez-toc-section-end\"><\/span><\/h3>\n\n\n\n<ul class=\"wp-block-list\">\n<li>INSPIRE: <a href=\"https:\/\/inspirehep.net\/jobs?sort=mostrecent&amp;size=25&amp;page=1\" target=\"_blank\" rel=\"noreferrer noopener\">jobs<\/a>.<\/li>\n\n\n\n<li>NUCLEI SciDAC: <a href=\"http:\/\/nuclei.mps.ohio-state.edu\/content\/jobs.php\" target=\"_blank\" rel=\"noreferrer noopener\">Job Postings<\/a><\/li>\n\n\n\n<li>NuPECC:&nbsp;<a href=\"http:\/\/www.nupecc.org\/index.php?display=jobs\" target=\"_blank\" rel=\"noreferrer noopener\">job advertisement<\/a><\/li>\n\n\n\n<li>PHAROS:&nbsp;<a rel=\"noreferrer noopener\" href=\"http:\/\/www.pharos.ice.csic.es\/jobs\" target=\"_blank\">jobs<\/a><\/li>\n<\/ul>\n\n\n\n<p>These lists are certainly not complete. Please check with other existing lists.<\/p>\n\n\n\n<h3 class=\"wp-block-heading\"><span class=\"ez-toc-section\" id=\"List_of_postdoctoral_offers\"><\/span>List of postdoctoral offers:<span class=\"ez-toc-section-end\"><\/span><\/h3>\n\n\n\n<table id=\"tablepress-1\" class=\"tablepress tablepress-id-1\">\n<thead>\n<tr class=\"row-1 odd\">\n\t<th class=\"column-1\">Host lab<\/th><th class=\"column-2\">Position title<\/th><th class=\"column-3\">contact<\/th><th class=\"column-4\">Dead line<\/th>\n<\/tr>\n<\/thead>\n<tbody class=\"row-hover\">\n<tr class=\"row-2 even\">\n\t<td class=\"column-1\">Cadarache<\/td><td class=\"column-2\"><a href=\"https:\/\/listserv.in2p3.fr\/cgi-bin\/wa?A2=RESANET-L;3f2cb9a9.2502\" rel=\"noopener\" target=\"_blank\">Development of quasi-particle finite amplitude method for charge exchange excitations<\/a><\/td><td class=\"column-3\"><a href=\"mailto:alessandro.pastore@cea.fr\">Alessandro Pastore<\/a><\/td><td class=\"column-4\">-\/-\/25<\/td>\n<\/tr>\n<tr class=\"row-3 odd\">\n\t<td class=\"column-1\">GANIL<\/td><td class=\"column-2\"><a href=\"https:\/\/emploi.cnrs.fr\/Offres\/CDD\/UAR3266-SANDUB-001\/Default.aspx?lang=EN\" rel=\"noopener\" target=\"_blank\">Experimental nuclear physics: spectrometer instrumentation and set-up<\/a><\/td><td class=\"column-3\"><a href=\"mailto:pancin@ganil.fr\">Julien Pancin<\/a><\/td><td class=\"column-4\">18\/12\/23<\/td>\n<\/tr>\n<tr class=\"row-4 even\">\n\t<td class=\"column-1\">GANIL<\/td><td class=\"column-2\"><a href=\"https:\/\/emploi.cnrs.fr\/Offres\/CDD\/UAR3266-VERMAR-085\/Default.aspx?lang=EN\" rel=\"noopener\" target=\"_blank\">Development of a new target-ion source system for GANIL-SPIRAL1<\/a><\/td><td class=\"column-3\"><a href=\"mailto:pierre.chauveau@ganil.fr\">Pierre Chauveau<\/a><\/td><td class=\"column-4\">18\/12\/23<\/td>\n<\/tr>\n<tr class=\"row-5 odd\">\n\t<td class=\"column-1\">Universit\u00e9 Libre de Bruxelles<\/td><td class=\"column-2\"><a href=\"https:\/\/euraxess.ec.europa.eu\/jobs\/124954\" rel=\"noopener\" target=\"_blank\">Study of fission properties of exotic nuclei of astrophysical interest<\/a><\/td><td class=\"column-3\"><a href=\"mailto:stephane.goriely@ulb.be\">Stephane Goriely<\/a><\/td><td class=\"column-4\">31\/12\/23<\/td>\n<\/tr>\n<tr class=\"row-6 even\">\n\t<td class=\"column-1\">GANIL<\/td><td class=\"column-2\"><a href=\"https:\/\/emploi.cnrs.fr\/Offres\/CDD\/UAR3266-VIRLEF-065\/Default.aspx?lang=EN\" rel=\"noopener\" target=\"_blank\">SIRIUS tests and commissioning<\/a><\/td><td class=\"column-3\"><a href=\"mailto:julien.piot@ganil.fr\">Julien Piot<\/a><\/td><td class=\"column-4\">15\/10\/23<\/td>\n<\/tr>\n<tr class=\"row-7 odd\">\n\t<td class=\"column-1\">GANIL<\/td><td class=\"column-2\"><a href=\"https:\/\/resanet.in2p3.fr\/wp-content\/uploads\/2023\/09\/Postdoc_2armVAMOS.pdf\" rel=\"noopener\" target=\"_blank\">Fission program in inverse kinematics running at VAMOS<\/a><\/td><td class=\"column-3\"><a href=\"mailto:diego.ramos@ganil.fr\">Diego Ramos<\/a><\/td><td class=\"column-4\">15\/10\/23<\/td>\n<\/tr>\n<tr class=\"row-8 even\">\n\t<td class=\"column-1\">GANIL<\/td><td class=\"column-2\"><a href=\"https:\/\/emploi.cnrs.fr\/Offres\/CDD\/UAR3266-VIRLEF-067\/Default.aspx?lang=EN\" rel=\"noopener\" target=\"_blank\">High resolution gamma ray spectroscopy<\/a><\/td><td class=\"column-3\"><a href=\"mailto:clement@ganil.fr\">Emmanuel Clement<\/a><\/td><td class=\"column-4\">22\/09\/23<\/td>\n<\/tr>\n<tr class=\"row-9 odd\">\n\t<td class=\"column-1\">IPHC<\/td><td class=\"column-2\"><a href=\"https:\/\/emploi.cnrs.fr\/Offres\/CDD\/UMR7178-REGSOM-159\/Default.aspx?lang=EN\" rel=\"noopener\" target=\"_blank\">Study of Fission Mechanisms in the DNE Group<\/a><\/td><td class=\"column-3\"><a href=\"mailto:olivier.dorvaux@iphc.cnrs.fr \">O. Dorvaux<\/a><\/td><td class=\"column-4\">04\/08\/23<\/td>\n<\/tr>\n<tr class=\"row-10 even\">\n\t<td class=\"column-1\">LPC Caen<\/td><td class=\"column-2\"><a href=\"https:\/\/resanet.in2p3.fr\/wp-content\/uploads\/2023\/06\/Application_call_CPJ_UNICAEN_2023.pdf\" rel=\"noopener\" target=\"_blank\">tenure track position (CPJ)<\/a><\/td><td class=\"column-3\"><a href=\"mailto:lienard@lpccaen.in2p3.fr\">E. Lienard<\/a><\/td><td class=\"column-4\">11\/09\/23<\/td>\n<\/tr>\n<tr class=\"row-11 odd\">\n\t<td class=\"column-1\">GANIL<\/td><td class=\"column-2\"><a href=\"https:\/\/emploi.cnrs.fr\/Offres\/CDD\/UAR3266-VIRLEF-059\/Default.aspx\" rel=\"noopener\" target=\"_blank\">Contrat postdoctoral \/ Physicien des acc\u00e9l\u00e9rateurs Th\u00e9orie et simulations<\/a><\/td><td class=\"column-3\"><a href=\"mailto:guillaume.normand@ganil.fr\">G. Normand<\/a><\/td><td class=\"column-4\">18\/05\/23<\/td>\n<\/tr>\n<tr class=\"row-12 even\">\n\t<td class=\"column-1\">GANIL<\/td><td class=\"column-2\"><a href=\"https:\/\/emploi.cnrs.fr\/Offres\/CDD\/UAR3266-VIRLEF-058\/Default.aspx\" rel=\"noopener\" target=\"_blank\">Chercheur postdoctoral en physique th\u00e9orique au GANIL<\/a><\/td><td class=\"column-3\"><a href=\"mailto:ploszajczak@ganil.fr\">M. P\u0142oszajczak<\/a><\/td><td class=\"column-4\">16\/05\/23<\/td>\n<\/tr>\n<tr class=\"row-13 odd\">\n\t<td class=\"column-1\">LPC Caen<\/td><td class=\"column-2\"><a href=\"https:\/\/emploi.cnrs.fr\/Offres\/CDD\/UMR6534-AURGON-020\/Default.aspx?lang=EN\" rel=\"noopener\" target=\"_blank\">Study of fundamental symmetries at low energy: technical contribution to MORA<\/a><\/td><td class=\"column-3\"><a href=\"mailto:hayen@lpccaen.in2p3.fr\">L. Hayen<\/a><\/td><td class=\"column-4\">15\/05\/23<\/td>\n<\/tr>\n<tr class=\"row-14 even\">\n\t<td class=\"column-1\">IJCLab<\/td><td class=\"column-2\"><a href=\"https:\/\/emploi.cnrs.fr\/Offres\/CDD\/UMR9012-GUIHUP-004\/Default.aspx?lang=EN\">Nuclear Low-Energy Collisions Theory for Antiprotonic Research (NECTAR)<\/a><\/td><td class=\"column-3\"><a href=\"mailto:guillaume.hupin@ijclab.in2p3.fr\">G. Hupin<\/a><\/td><td class=\"column-4\">15\/05\/23<\/td>\n<\/tr>\n<tr class=\"row-15 odd\">\n\t<td class=\"column-1\">GANIL<\/td><td class=\"column-2\"><a href=\"https:\/\/emploi.cnrs.fr\/Offres\/CDD\/UAR3266-VERMAR-076\/Default.aspx?lang=EN\">Chercheur postdoctoral en instrumentation pour la physique<\/a><\/td><td class=\"column-3\"><a href=\"mailto:pascal.jardin@ganil.fr\">P. Jardin<\/a><\/td><td class=\"column-4\">12\/05\/23<\/td>\n<\/tr>\n<tr class=\"row-16 even\">\n\t<td class=\"column-1\"><\/td><td class=\"column-2\"><\/td><td class=\"column-3\"><\/td><td class=\"column-4\"><\/td>\n<\/tr>\n<\/tbody>\n<\/table>\n<!-- #tablepress-1 from cache -->\n\n\n<div class=\"wp-block-group\"><div class=\"wp-block-group__inner-container is-layout-constrained wp-block-group-is-layout-constrained\"><\/div><\/div>\n","protected":false},"excerpt":{"rendered":"<p>Links to the offers published by the laboratories Links to generic sites: These lists are certainly not complete. Please check with other existing lists. List of postdoctoral offers:<\/p>\n","protected":false},"author":6,"featured_media":0,"parent":0,"menu_order":0,"comment_status":"closed","ping_status":"closed","template":"","meta":{"footnotes":""},"class_list":["post-682","page","type-page","status-publish","hentry"],"_links":{"self":[{"href":"https:\/\/resanet.in2p3.fr\/index.php?rest_route=\/wp\/v2\/pages\/682","targetHints":{"allow":["GET"]}}],"collection":[{"href":"https:\/\/resanet.in2p3.fr\/index.php?rest_route=\/wp\/v2\/pages"}],"about":[{"href":"https:\/\/resanet.in2p3.fr\/index.php?rest_route=\/wp\/v2\/types\/page"}],"author":[{"embeddable":true,"href":"https:\/\/resanet.in2p3.fr\/index.php?rest_route=\/wp\/v2\/users\/6"}],"replies":[{"embeddable":true,"href":"https:\/\/resanet.in2p3.fr\/index.php?rest_route=%2Fwp%2Fv2%2Fcomments&post=682"}],"version-history":[{"count":20,"href":"https:\/\/resanet.in2p3.fr\/index.php?rest_route=\/wp\/v2\/pages\/682\/revisions"}],"predecessor-version":[{"id":1795,"href":"https:\/\/resanet.in2p3.fr\/index.php?rest_route=\/wp\/v2\/pages\/682\/revisions\/1795"}],"wp:attachment":[{"href":"https:\/\/resanet.in2p3.fr\/index.php?rest_route=%2Fwp%2Fv2%2Fmedia&parent=682"}],"curies":[{"name":"wp","href":"https:\/\/api.w.org\/{rel}","templated":true}]}}