{"id":1842,"date":"2023-10-25T14:59:51","date_gmt":"2023-10-25T12:59:51","guid":{"rendered":"https:\/\/resanet.in2p3.fr\/?page_id=1842"},"modified":"2024-03-14T09:32:30","modified_gmt":"2024-03-14T08:32:30","slug":"in2p3-international-laboratories-networks-projects","status":"publish","type":"page","link":"https:\/\/resanet.in2p3.fr\/?page_id=1842","title":{"rendered":"IN2P3 International laboratories\/Networks\/Projects"},"content":{"rendered":"\n<p><strong>International Research Laboratories, International Research Networks and International Research Projects which will be active in January 2024 at IN2P3 in nuclear physics<\/strong><\/p>\n\n\n\n<div id=\"ez-toc-container\" class=\"ez-toc-v2_0_55 counter-hierarchy ez-toc-counter ez-toc-white ez-toc-container-direction\">\n<div class=\"ez-toc-title-container\">\n<p class=\"ez-toc-title \" >Table of contents<\/p>\n<span class=\"ez-toc-title-toggle\"><a href=\"#\" class=\"ez-toc-pull-right ez-toc-btn ez-toc-btn-xs ez-toc-btn-default ez-toc-toggle\" aria-label=\"Toggle Table of Content\" role=\"button\"><label for=\"item-69f635598fe2d\" ><span class=\"\"><span style=\"display:none;\">Toggle<\/span><span class=\"ez-toc-icon-toggle-span\"><svg style=\"fill: #999;color:#999\" xmlns=\"http:\/\/www.w3.org\/2000\/svg\" class=\"list-377408\" width=\"20px\" height=\"20px\" viewBox=\"0 0 24 24\" fill=\"none\"><path d=\"M6 6H4v2h2V6zm14 0H8v2h12V6zM4 11h2v2H4v-2zm16 0H8v2h12v-2zM4 16h2v2H4v-2zm16 0H8v2h12v-2z\" fill=\"currentColor\"><\/path><\/svg><svg style=\"fill: #999;color:#999\" class=\"arrow-unsorted-368013\" xmlns=\"http:\/\/www.w3.org\/2000\/svg\" width=\"10px\" height=\"10px\" viewBox=\"0 0 24 24\" version=\"1.2\" baseProfile=\"tiny\"><path d=\"M18.2 9.3l-6.2-6.3-6.2 6.3c-.2.2-.3.4-.3.7s.1.5.3.7c.2.2.4.3.7.3h11c.3 0 .5-.1.7-.3.2-.2.3-.5.3-.7s-.1-.5-.3-.7zM5.8 14.7l6.2 6.3 6.2-6.3c.2-.2.3-.5.3-.7s-.1-.5-.3-.7c-.2-.2-.4-.3-.7-.3h-11c-.3 0-.5.1-.7.3-.2.2-.3.5-.3.7s.1.5.3.7z\"\/><\/svg><\/span><\/span><\/label><input aria-label=\"Toggle\" aria-label=\"item-69f635598fe2d\"  type=\"checkbox\" id=\"item-69f635598fe2d\"><\/a><\/span><\/div>\n<nav><ul class='ez-toc-list ez-toc-list-level-1 ' ><li class='ez-toc-page-1 ez-toc-heading-level-2'><a class=\"ez-toc-link ez-toc-heading-1\" href=\"https:\/\/resanet.in2p3.fr\/?page_id=1842\/#International_Research_Laboratory_IRL\" title=\"International Research Laboratory (IRL)\">International Research Laboratory (IRL)<\/a><\/li><li class='ez-toc-page-1 ez-toc-heading-level-2'><a class=\"ez-toc-link ez-toc-heading-2\" href=\"https:\/\/resanet.in2p3.fr\/?page_id=1842\/#International_Research_Network_IRN\" title=\"International Research Network (IRN)\">International Research Network (IRN)<\/a><\/li><li class='ez-toc-page-1 ez-toc-heading-level-2'><a class=\"ez-toc-link ez-toc-heading-3\" href=\"https:\/\/resanet.in2p3.fr\/?page_id=1842\/#International_Research_Project_IRP\" title=\"International Research Project (IRP)\">International Research Project (IRP)<\/a><\/li><\/ul><\/nav><\/div>\n<h2 class=\"wp-block-heading\"><span class=\"ez-toc-section\" id=\"International_Research_Laboratory_IRL\"><\/span><strong>International Research Laboratory (IRL)<\/strong><span class=\"ez-toc-section-end\"><\/span><\/h2>\n\n\n\n<p><mark style=\"background-color:rgba(0, 0, 0, 0)\" class=\"has-inline-color has-bright-blue-color\"><strong>IRL \u2018Nuclear Physics and Nuclear Astrophysics\u2019 (NPA)<\/strong>, between <strong>CNRS<\/strong> and <strong>FRIB Michigan State University<\/strong> (MSU)<\/mark><\/p>\n\n\n\n<p>Director: <strong>J\u00e9r\u00f4me Margueron<\/strong><br>Deputy-director:&nbsp; <strong>Oscar Naviliat<\/strong><\/p>\n\n\n\n<p><strong>Starting date:<\/strong> September 2023, 5-year duration<\/p>\n\n\n\n<p><strong>Scientific council:<\/strong> Daniel Bazin (MSU), Kyle Brown (MSU), Diego Gruyer (LPC Caen), Fa\u00efrouz Hammache (IJCLab), Denis Lacroix (IJCLab), Dean Lee (MSU), Herv\u00e9 Savajols (GANIL), Hendrik Schatz (MSU)<\/p>\n\n\n\n<h2 class=\"wp-block-heading\"><span class=\"ez-toc-section\" id=\"International_Research_Network_IRN\"><\/span><strong>International Research Network (IRN)<\/strong><span class=\"ez-toc-section-end\"><\/span><\/h2>\n\n\n\n<p><strong><mark style=\"background-color:rgba(0, 0, 0, 0)\" class=\"has-inline-color has-bright-blue-color\">IRN \u2018Astrophysics, STructure, Reactions, and Analysis with NUClear beams and Applications\u2019 (ASTRANUCAP)<\/mark><\/strong><\/p>\n\n\n\n<p>Carried by <strong>Nicolas De S\u00e9r\u00e9ville (IJCLab) <\/strong>and<strong> Teresa Kurtukian Nieto (IEM, Spain)<\/strong><\/p>\n\n\n\n<p><strong>Starting date:<\/strong> January 2021, 4-year duration<\/p>\n\n\n\n<p><strong>Scientific council:<\/strong> Alejandro Algora (IFIC), Jos\u00e9 Antonio Briz (UCM), Franck Delaunay (LPC Caen), Beatriz Fernandez (USC), Fran\u00e7ois de Oliveira (GANIL), Camille Ducoin (IP2I), Muriel Fallot (Subatech), Fr\u00e9d\u00e9ric Nowacki (IPHC), Luis Robledo (UAM), Angel Miguel Sanchez-Benitez (UHU)<\/p>\n\n\n\n<p><\/p>\n\n\n\n<p><mark style=\"background-color: rgba(0, 0, 0, 0);\" class=\"has-inline-color has-bright-blue-color\"><b>IRN \u2018Frontiers in Exotic Nuclei, <\/b><\/mark><strong><mark style=\"background-color:rgba(0, 0, 0, 0)\" class=\"has-inline-color has-bright-blue-color\">Multidisciplinary research and TheOry\u2019 (FENMTO)<\/mark><\/strong><\/p>\n\n\n\n<p>Carried by <strong>Marl\u00e8ne Assi\u00e9 (IJCLab) <\/strong>and<strong> Andrea Gottardo (INFN-LNL, Italie)<\/strong><\/p>\n\n\n\n<p><strong>Starting date:<\/strong> January 2024, 4-year duration<\/p>\n\n\n\n<p><strong>Scientific council:<\/strong> Pauline Ascher (LP2i Bordeaux), Stefano Burrello (LNS, Catania),\u00a0Alberto Camaiani ( INFN, Firenze), J\u00e9r\u00e9mie Dudouet (IP2I Lyon), Anthea Fantina (GANIL), Agnese Giaz (INFN, Milano)<\/p>\n\n\n\n<p><\/p>\n\n\n\n<p><mark style=\"background-color: rgba(0, 0, 0, 0);\" class=\"has-inline-color has-bright-blue-color\"><b>IRN \u2018France North-America Network on the Physics of Exotic Nuclei<strong><mark style=\"background-color:rgba(0, 0, 0, 0)\" class=\"has-inline-color has-bright-blue-color\">\u2019<\/mark><\/strong> (FANPEN)<\/b><\/mark><\/p>\n\n\n\n<p>Carried by <strong>Leendert Hayen (LPC Caen) and Oscar Naviliat (FRIB, US)<\/strong><\/p>\n\n\n\n<p><strong>Starting date:<\/strong> January 2024, 5-year duration<\/p>\n\n\n\n<p><strong>Scientific council:<\/strong> Diego Gruyer (LPC, Caen), Denis Lacroix (IJCLab, Orsay), Herv\u00e9 Savajols (GANIL, Caen), Barbara Sulignano (DPhN, CEA Saclay), Paul Fallon (Lawrence Berkeley National Laboratory), Grigory Rogachev (Texas A&amp;M University), Dean Lee (Michigan State University), Kyle Brown (Michigan State University), Hendrick Schatz (Michigan State University).<\/p>\n\n\n\n<h2 class=\"wp-block-heading\"><span class=\"ez-toc-section\" id=\"International_Research_Project_IRP\"><\/span><strong>International Research Project (IRP)<\/strong><span class=\"ez-toc-section-end\"><\/span><\/h2>\n\n\n\n<p><strong><mark style=\"background-color:rgba(0, 0, 0, 0)\" class=\"has-inline-color has-bright-blue-color\">IRP \u2018Origin of heavy elements in the Universe: compact stars and nucleosynthesis\u2019 (ACNu)<\/mark><\/strong><\/p>\n\n\n\n<p>Carried by <strong>Anthea Fantina (GANIL) <\/strong>and<strong> Nicolas Chamel (Universit\u00e9 Libre de Bruxelles, Belgique)<\/strong><\/p>\n\n\n\n<p><strong>Starting date:<\/strong> January 2021, 4-year duration<\/p>\n\n\n\n<p><\/p>\n\n\n\n<p><strong><mark style=\"background-color:rgba(0, 0, 0, 0)\" class=\"has-inline-color has-bright-blue-color\">IRP \u2018Nuclear Physics International Collaboration France-Japan\u2019 (NuPIC)<\/mark><\/strong><\/p>\n\n\n\n<p>Carried by <strong>Julien Gibelin (LPC Caen) <\/strong>and<strong> Tomohiro Uesaka (RIKEN, Japon)<\/strong><\/p>\n\n\n\n<p><strong>Renewed at the end of 2023, starting date:<\/strong> January 2024, 4-year duration <\/p>\n\n\n\n<p><\/p>\n\n\n\n<p><strong><mark style=\"background-color:rgba(0, 0, 0, 0)\" class=\"has-inline-color has-bright-blue-color\">IRP \u2018The Collaboration COPIN-GANIL on physics of exotic nuclei\u2019 (COPIGAL)<\/mark><\/strong><\/p>\n\n\n\n<p>Carried by <strong>Marek Lewitowicz (GANIL) <\/strong>and<strong> Adam Maj (IFJ PAN Krakow, Pologne)<\/strong><\/p>\n\n\n\n<p><strong>Starting date:<\/strong> January 2020, 4-year duration<\/p>\n","protected":false},"excerpt":{"rendered":"<p>International Research Laboratories, International Research Networks and International Research Projects which will be active in January 2024 at IN2P3 in nuclear physics International Research Laboratory (IRL) IRL \u2018Nuclear Physics and Nuclear Astrophysics\u2019 (NPA), between CNRS and FRIB Michigan State University (MSU) Director: J\u00e9r\u00f4me MargueronDeputy-director:&nbsp; Oscar Naviliat Starting date: September 2023, 5-year duration Scientific council: Daniel &hellip; <a href=\"https:\/\/resanet.in2p3.fr\/?page_id=1842\" class=\"more-link\">Continuer la lecture<span class=\"screen-reader-text\"> de &laquo;&nbsp;IN2P3 International laboratories\/Networks\/Projects&nbsp;&raquo;<\/span><\/a><\/p>\n","protected":false},"author":20,"featured_media":0,"parent":0,"menu_order":0,"comment_status":"closed","ping_status":"closed","template":"","meta":{"footnotes":""},"class_list":["post-1842","page","type-page","status-publish","hentry"],"_links":{"self":[{"href":"https:\/\/resanet.in2p3.fr\/index.php?rest_route=\/wp\/v2\/pages\/1842","targetHints":{"allow":["GET"]}}],"collection":[{"href":"https:\/\/resanet.in2p3.fr\/index.php?rest_route=\/wp\/v2\/pages"}],"about":[{"href":"https:\/\/resanet.in2p3.fr\/index.php?rest_route=\/wp\/v2\/types\/page"}],"author":[{"embeddable":true,"href":"https:\/\/resanet.in2p3.fr\/index.php?rest_route=\/wp\/v2\/users\/20"}],"replies":[{"embeddable":true,"href":"https:\/\/resanet.in2p3.fr\/index.php?rest_route=%2Fwp%2Fv2%2Fcomments&post=1842"}],"version-history":[{"count":7,"href":"https:\/\/resanet.in2p3.fr\/index.php?rest_route=\/wp\/v2\/pages\/1842\/revisions"}],"predecessor-version":[{"id":2036,"href":"https:\/\/resanet.in2p3.fr\/index.php?rest_route=\/wp\/v2\/pages\/1842\/revisions\/2036"}],"wp:attachment":[{"href":"https:\/\/resanet.in2p3.fr\/index.php?rest_route=%2Fwp%2Fv2%2Fmedia&parent=1842"}],"curies":[{"name":"wp","href":"https:\/\/api.w.org\/{rel}","templated":true}]}}