{"id":183,"date":"2018-03-07T20:28:13","date_gmt":"2018-03-07T19:28:13","guid":{"rendered":"http:\/\/resanet.in2p3.fr\/?page_id=183"},"modified":"2022-12-13T13:25:52","modified_gmt":"2022-12-13T12:25:52","slug":"gt1-quelle-est-la-structure-et-la-dynamique-des-systemes-faiblement-lies-noyaux-exotiques-fonctionnement","status":"publish","type":"page","link":"https:\/\/resanet.in2p3.fr\/?page_id=183","title":{"rendered":"GT1: Fonctionnement"},"content":{"rendered":"<div id=\"ez-toc-container\" class=\"ez-toc-v2_0_55 counter-hierarchy ez-toc-counter ez-toc-white ez-toc-container-direction\">\n<div class=\"ez-toc-title-container\">\n<p class=\"ez-toc-title \" >Table of contents<\/p>\n<span class=\"ez-toc-title-toggle\"><a href=\"#\" class=\"ez-toc-pull-right ez-toc-btn ez-toc-btn-xs ez-toc-btn-default ez-toc-toggle\" aria-label=\"Toggle Table of Content\" role=\"button\"><label for=\"item-6a08676dd1d06\" ><span class=\"\"><span style=\"display:none;\">Toggle<\/span><span class=\"ez-toc-icon-toggle-span\"><svg style=\"fill: #999;color:#999\" xmlns=\"http:\/\/www.w3.org\/2000\/svg\" class=\"list-377408\" width=\"20px\" height=\"20px\" viewBox=\"0 0 24 24\" fill=\"none\"><path d=\"M6 6H4v2h2V6zm14 0H8v2h12V6zM4 11h2v2H4v-2zm16 0H8v2h12v-2zM4 16h2v2H4v-2zm16 0H8v2h12v-2z\" fill=\"currentColor\"><\/path><\/svg><svg style=\"fill: #999;color:#999\" class=\"arrow-unsorted-368013\" xmlns=\"http:\/\/www.w3.org\/2000\/svg\" width=\"10px\" height=\"10px\" viewBox=\"0 0 24 24\" version=\"1.2\" baseProfile=\"tiny\"><path d=\"M18.2 9.3l-6.2-6.3-6.2 6.3c-.2.2-.3.4-.3.7s.1.5.3.7c.2.2.4.3.7.3h11c.3 0 .5-.1.7-.3.2-.2.3-.5.3-.7s-.1-.5-.3-.7zM5.8 14.7l6.2 6.3 6.2-6.3c.2-.2.3-.5.3-.7s-.1-.5-.3-.7c-.2-.2-.4-.3-.7-.3h-11c-.3 0-.5.1-.7.3-.2.2-.3.5-.3.7s.1.5.3.7z\"\/><\/svg><\/span><\/span><\/label><input aria-label=\"Toggle\" aria-label=\"item-6a08676dd1d06\"  type=\"checkbox\" id=\"item-6a08676dd1d06\"><\/a><\/span><\/div>\n<nav><ul class='ez-toc-list ez-toc-list-level-1 ' ><ul class='ez-toc-list-level-6'><li class='ez-toc-heading-level-6'><ul class='ez-toc-list-level-6'><li class='ez-toc-heading-level-6'><ul class='ez-toc-list-level-6'><li class='ez-toc-heading-level-6'><ul class='ez-toc-list-level-6'><li class='ez-toc-heading-level-6'><ul class='ez-toc-list-level-6'><li class='ez-toc-heading-level-6'><a class=\"ez-toc-link ez-toc-heading-1\" href=\"https:\/\/resanet.in2p3.fr\/?page_id=183\/#Quelle_est_la_structure_et_la_dynamique_des_systemes_faiblement_lies_noyaux_exotiques\" title=\"Quelle est la structure et la dynamique des syst\u00e8mes faiblement li\u00e9s (noyaux exotiques) ?\">Quelle est la structure et la dynamique des syst\u00e8mes faiblement li\u00e9s (noyaux exotiques) ?<\/a><\/li><\/ul><\/li><\/ul><\/li><\/ul><\/li><\/ul><\/li><\/ul><\/li><li class='ez-toc-page-1 ez-toc-heading-level-1'><a class=\"ez-toc-link ez-toc-heading-2\" href=\"https:\/\/resanet.in2p3.fr\/?page_id=183\/#GT1_Questionnement\" title=\"GT1 Questionnement\">GT1 Questionnement<\/a><ul class='ez-toc-list-level-6'><li class='ez-toc-heading-level-6'><ul class='ez-toc-list-level-6'><li class='ez-toc-heading-level-6'><ul class='ez-toc-list-level-6'><li class='ez-toc-heading-level-6'><ul class='ez-toc-list-level-6'><li class='ez-toc-heading-level-6'><ul class='ez-toc-list-level-6'><li class='ez-toc-heading-level-6'><a class=\"ez-toc-link ez-toc-heading-3\" href=\"https:\/\/resanet.in2p3.fr\/?page_id=183\/#Quelle_est_la_structure_et_la_dynamique_des_systemes_faiblement_lies_noyaux_exotiques-2\" title=\"Quelle est la structure et la dynamique des syst\u00e8mes faiblement li\u00e9s (noyaux exotiques) ?\">Quelle est la structure et la dynamique des syst\u00e8mes faiblement li\u00e9s (noyaux exotiques) ?<\/a><\/li><\/ul><\/li><\/ul><\/li><\/ul><\/li><\/ul><\/li><\/ul><\/li><\/ul><\/nav><\/div>\n<h6><span class=\"ez-toc-section\" id=\"Quelle_est_la_structure_et_la_dynamique_des_systemes_faiblement_lies_noyaux_exotiques\"><\/span>Quelle est la structure et la dynamique des syst\u00e8mes faiblement li\u00e9s (noyaux exotiques) ?<span class=\"ez-toc-section-end\"><\/span><\/h6>\n<p><strong>Animateurs:<\/strong><\/p>\n<ul>\n<li>Guillaume Hupin (IPN Orsay),<\/li>\n<li>Olivier Sorlin (GANIL).<\/li>\n<\/ul>\n<p><strong>Pour vous inscrire sur la liste du groupe de travail:<\/strong><\/p>\n<p>cliquer sur <a href=\"https:\/\/indico.in2p3.fr\/event\/17528\/\" target=\"_blank\" rel=\"noopener noreferrer\">ce lien<\/a>.<\/p>\n<p><strong>Prochaines r\u00e9unions du groupe de travail:<\/strong><\/p>\n<ul>\n<li><a href=\"http:\/\/resanet.in2p3.fr\/?page_id=752\">R\u00e9union du GT1<\/a>, 19-21 novembre 2018, IPN Orsay.<\/li>\n<li><a href=\"http:\/\/resanet.in2p3.fr\/?page_id=900\">Nuclear structure under extreme conditions<\/a><span lang=\"EN-US\">, 9-11 dec. 2019, GANIL.<\/span><\/li>\n<li><a href=\"http:\/\/resanet.in2p3.fr\/?page_id=1045\">The measurements of the GMR and their interpretation and importance<\/a>, Nov. 25-26, 2020, IJCLab.<\/li>\n<li><a href=\"http:\/\/resanet.in2p3.fr\/?page_id=1259\">GT1+GT2+GT3 workshop on spin-orbit splitting<\/a>, 15-17\/06\/2021<\/li>\n<\/ul>\n<p><strong>Liens utiles:<\/strong><\/p>\n<p><strong>Documents:<\/strong><\/p>\n\n\n<h1 class=\"wp-block-heading\"><span class=\"ez-toc-section\" id=\"GT1_Questionnement\"><\/span>GT1: Questionnement<span class=\"ez-toc-section-end\"><\/span><\/h1>\n\n\n\n<h6 class=\"wp-block-heading\"><span class=\"ez-toc-section\" id=\"Quelle_est_la_structure_et_la_dynamique_des_systemes_faiblement_lies_noyaux_exotiques-2\"><\/span>Quelle est la structure et la dynamique des syst\u00e8mes faiblement li\u00e9s (noyaux exotiques) ?<span class=\"ez-toc-section-end\"><\/span><\/h6>\n\n\n\n<p>Les syst\u00e8mes faiblement li\u00e9s sont au c\u0153ur des efforts exp\u00e9rimentaux pour repousser les limites de la connaissance. Il s\u2019agit d\u2019approcher au plus pr\u00e8s de la fronti\u00e8re de stabilit\u00e9, du cot\u00e9 des neutrons comme des protons, pour produire et analyser des noyaux instables dont la dur\u00e9e de vie est extr\u00eamement courte. En France, le GANIL s\u2019est orient\u00e9 vers la production des noyaux exotiques depuis le d\u00e9but des ann\u00e9es 1990, d\u2019abord via la fragmentation en ligne d\u2019un faisceau primaire, puis depuis le d\u00e9but des ann\u00e9es 2000, via le proc\u00e9d\u00e9 ISOL (SPIRAL1) et son extension SPIRAL2. Plus r\u00e9cemment, ALTO permet de produire des noyaux exotiques via un proc\u00e9d\u00e9 ISOL compl\u00e9mentaire \u00e0 celui du GANIL. La France est aussi associ\u00e9e, via le CERN, \u00e0 l\u2019installation ISOLDE. Ainsi, les \u00e9quipes fran\u00e7aises sont impliqu\u00e9es aupr\u00e8s de l\u2019ensemble des machines en fonctionnement, en France et \u00e0 l\u2019\u00e9tranger. A RIKEN (Japon) des faisceaux de noyaux exotiques les plus extr\u00eames sont produits depuis la fin des ann\u00e9es 2000. Le cycle de fonctionnement de cette installation est cependant faible, et de nouvelles installations sont en phase de construction en Allemagne (FAIR) et aux Etats-Unis (FRIB). Ce GT est une opportunit\u00e9 pour aider \u00e0 la synergie entre les installations fran\u00e7aises et \u00e9trang\u00e8res \u00e0 travers des questions scientifiques sp\u00e9cifiques ou des concepts th\u00e9oriques communs.<\/p>\n\n\n\n<p><strong>Peut-on pr\u00e9dire dans un cadre th\u00e9orique coh\u00e9rent des observables de r\u00e9actions de basse \u00e9nergie (transfert, noyaux anti-protoniques, diffusion \u00e9lectron-noyaux)&nbsp;? Quelles nouvelles mesures seraient utiles aujourd\u2019hui \u00e0 cette fin&nbsp;?<\/strong><\/p>\n\n\n\n<p>A l&rsquo;exception des syst\u00e8mes de masse A&lt;10 \u00e0 tr\u00e8s basse \u00e9nergie, les approches d\u00e9crivant la structure des noyaux (mod\u00e8le en couches, champ moyen, etc\u2026) sont souvent d\u00e9connect\u00e9s de celles qui permettent de traiter les m\u00e9canismes de r\u00e9actions. Les informations issues de r\u00e9actions demeurent donc aujourd&rsquo;hui au niveau \u00ab\u00a0d&rsquo;indication exp\u00e9rimentale\u00a0\u00bb. Peut-on imaginer des approches th\u00e9oriques qui permettent d&rsquo;aborder structure et r\u00e9action d&rsquo;un m\u00eame pied d\u2019\u00e9galit\u00e9 tout en contr\u00f4lant les incertitudes ? Quelles sondes exp\u00e9rimentales pourraient permettre une telle approche coh\u00e9rente ?<\/p>\n\n\n\n<p>Deux pistes peuvent \u00eatre envisag\u00e9es: (i) des r\u00e9actions de tr\u00e8s basse \u00e9nergie o\u00f9 l&rsquo;espace en moment est suffisamment restreint pour qu&rsquo;un traitement num\u00e9rique soit envisageable (ex. transfert \u00e0 tr\u00e8s basse \u00e9nergie, annihilation de nucl\u00e9on apr\u00e8s capture d&rsquo;antiproton), (ii) les sondes \u00e9lectromagn\u00e9tiques dont le Hamiltonien est connu, par exemple diffusion d&rsquo;\u00e9lectron, photons \u03b3 de haute \u00e9nergie (plusieurs MeV), qui permettraient \u00e9ventuellement de traiter les interactions dans l&rsquo;\u00e9tat final de fa\u00e7on contr\u00f4l\u00e9e.<\/p>\n\n\n\n<p><strong>Quel est l\u2019effet des \u00e9tats du continuum dans la description des syst\u00e8mes nucl\u00e9aires&nbsp;?<\/strong><\/p>\n\n\n\n<p>Contrairement aux noyaux stables, les \u00e9tats du continuum jouent un r\u00f4le tr\u00e8s important pour la description de la spectroscopie et des r\u00e9actions des syst\u00e8mes faiblement li\u00e9s. La mod\u00e9lisation th\u00e9orique est ainsi cruciale dans l\u2019analyse des mesures exp\u00e9rimentales. Il s\u2019agit par exemple de la compr\u00e9hension des spectres \u03b3 d\u2019\u00e9tats faiblement li\u00e9s et de r\u00e9sonances, des effets proches du seuil d\u2019\u00e9mission pouvant r\u00e9v\u00e9ler des corr\u00e9lations \u00e0 plusieurs particules, l\u2019apparition d\u2019agr\u00e9gats \u00ab&nbsp;exotiques&nbsp;\u00bb (<sup>2<\/sup>n, <sup>4<\/sup>n, <sup>3<\/sup>H, <sup>2<\/sup>He, <sup>3<\/sup>He, etc\u2026), ou encore de paires d\u2019\u00e9tats non-li\u00e9es. Les \u00e9tats du continuum jouent un r\u00f4le tr\u00e8s important dans les corr\u00e9lations d\u2019appariement proches de la dripline. Ils peuvent renforcer ou bien fortement r\u00e9duire ces corr\u00e9lations et faire appara\u00eetre de nouveaux ph\u00e9nom\u00e8nes qui d\u00e9fient \u00e0 la fois la mod\u00e9lisation th\u00e9orique mais aussi les possibilit\u00e9s de mesure exp\u00e9rimentales. Le continuum joue un r\u00f4le important dans les r\u00e9actions de basse \u00e9nergie, dont certaines sont d\u2019int\u00e9r\u00eat astrophysique, comme (N,N\u2019) et les captures radiatives (N,\u03b3), o\u00f9 N=n, p, ainsi que les r\u00e9actions binaires avec des projectiles complexes comme (d,d\u2019), (<sup>3<\/sup>He,<sup>3<\/sup>He\u2019), (\u03b1,\u03b1\u2019), (d,N), (\u03b1,N), o\u00f9 les enjeux th\u00e9oriques concernent l\u2019anti-sym\u00e9trisation entre les \u00e9tats du projectile, de la cible, et du noyau compos\u00e9 (projectile+cible).<\/p>\n\n\n\n<p><strong>Quel est le lien entre dynamique et statistique&nbsp;pour les r\u00e9actions nucl\u00e9aires complexes ?<\/strong><\/p>\n\n\n\n<p>Les r\u00e9actions nucl\u00e9aires complexes ne peuvent pas \u00eatre d\u00e9crites en termes d&rsquo;\u00e9l\u00e9ments de matrices de transition entre \u00e9tats nucl\u00e9aires discrets du fait du tr\u00e8s grand nombre&nbsp;d&rsquo;\u00e9tats interm\u00e9diaires dans le continuum. Il est souvent pr\u00e9f\u00e9rable d\u2019utiliser les outils&nbsp;th\u00e9oriques de m\u00e9canique statistique. C&rsquo;est le cas des r\u00e9actions entre ions lourds aux \u00e9nergies sup\u00e9rieures \u00e0 l&rsquo;\u00e9nergie de Fermi, des&nbsp;r\u00e9actions centrales avec des projectiles l\u00e9gers aux \u00e9nergies relativistes, ainsi que des r\u00e9actions entre ions lourds autour de la barri\u00e8re Coulombienne. Dans ces collisions les temps caract\u00e9ristiques de r\u00e9action sont comparables aux temps de relaxation vers l&rsquo;\u00e9quilibre, et des ph\u00e9nom\u00e8nes d\u00e9pendants de la dynamique de la voie d&rsquo;entr\u00e9e (\u00e9mission \u00e0 mi-rapidit\u00e9,&nbsp;flot radial et transverse,&#8230;) coexistent &nbsp;avec des ph\u00e9nom\u00e8nes purement thermiques (population statistique des canaux de fragmentation en voie de sortie, spectres maxwelliens de particules&#8230;). Un contr\u00f4le complet de la dynamique de r\u00e9action est indispensable pour pouvoir discriminer entre ces deux aspects et pouvoir ainsi extraire des observables exp\u00e9rimentales \u00e0 la fois les propri\u00e9t\u00e9s thermiques de la mati\u00e8re nucl\u00e9aire et des noyaux finis (capacit\u00e9 calorifique, densit\u00e9 des \u00e9tats, modification des propri\u00e9t\u00e9s des noyaux dans un milieu dense et chaud) et les propri\u00e9t\u00e9s de transport (viscosit\u00e9, modification des sections efficaces dans le milieu). L&rsquo;ensemble de ces propri\u00e9t\u00e9s constitue l&rsquo;\u00e9quation d&rsquo;\u00e9tat de la mati\u00e8re nucl\u00e9aire \u00e0 temp\u00e9rature finie et joue un r\u00f4le important dans de nombreux ph\u00e9nom\u00e8nes astrophysiques. Ce programme ambitieux a consid\u00e9rablement avanc\u00e9 dans les derni\u00e8res d\u00e9cennies gr\u00e2ce \u00e0 l&rsquo;av\u00e8nement des multi-d\u00e9tecteurs de particules charg\u00e9es, qui ont permis de mettre en \u00e9vidence la transition liquide-gaz nucl\u00e9aire et de poser des contraintes importantes sur l&rsquo;\u00e9quation d&rsquo;\u00e9tat proche de la sym\u00e9trie neutron-proton.&nbsp;Toutefois les analyses restent incompl\u00e8tes et affect\u00e9es de grandes barres d&rsquo;erreur \u00e0 cause de limitations \u00e0 la fois de d\u00e9tection et de mod\u00e9lisation. De plus, le comportement de la mati\u00e8re riche en neutrons, qui est la plus int\u00e9ressante du point de vue astrophysique, est encore largement inexplor\u00e9. Par ailleurs, la fission nucl\u00e9aire est un m\u00e9canisme privil\u00e9gi\u00e9 des collisions d\u2019ions lourds autour de la barri\u00e8re Coulombienne. Les \u00e9tudes exp\u00e9rimentales et th\u00e9oriques sont men\u00e9es en France \u00e0 GANIL, SPIRAL2 avec NFS, et ALTO, pour mieux comprendre ce processus complexe qui associe des effets collectifs de structure \u00e0 des effets dynamiques. Ces \u00e9tudes permettront aussi d\u2019enrichir les donn\u00e9es nucl\u00e9aires existantes qui sont utilis\u00e9es pour comprendre la nucl\u00e9osynth\u00e8se des \u00e9l\u00e9ments lourds.<\/p>\n\n\n\n<p><strong>Comment caract\u00e9riser et mod\u00e9liser les \u00e9tats mol\u00e9culaires dans les noyaux&nbsp;? Les \u00e9tats mol\u00e9culaires peuvent-ils s\u2019interpr\u00e9ter en terme de localisation \/ d\u00e9localisation&nbsp;?<\/strong><\/p>\n\n\n\n<p>La mise en \u00e9vidence d\u2019\u00e9tats cluster dans les noyaux rassemble des efforts \u00e0 la fois exp\u00e9rimentaux et th\u00e9oriques, comme la compr\u00e9hension du m\u00e9canisme d\u2019\u00e9mergence d\u2019\u00e9tats cluster et la signature exp\u00e9rimentale de ces \u00e9tats. Du point de vue th\u00e9orique, les diff\u00e9rents aspects \u00e0 l\u2019origine des \u00e9tats cluster pourront \u00eatre discut\u00e9s sous l\u2019angle de la localisation spatiale, du couplage au continuum, de la d\u00e9formation, etc\u2026 Du point de vue exp\u00e9rimental, la nature en cluster du noyau peut se manifester de diff\u00e9rentes fa\u00e7ons&nbsp;: par ses propri\u00e9t\u00e9s de fragmentation, par des intensit\u00e9s de transition monopolaires anormalement grandes, ou encore par des transitions \u03b3 sp\u00e9cifiques dans les r\u00e9gions de grandes d\u00e9formations. Dans ces r\u00e9gions, la signature caract\u00e9ristique de la d\u00e9formation est le regroupement des \u00e9tats excit\u00e9s dans des bandes de rotation \u00e0 grand moment d\u2019inertie. Ces \u00e9tats excit\u00e9s sont le plus souvent connect\u00e9s par des transitions \u03b3 E2 collectives. Un autre indice exp\u00e9rimental consiste \u00e0 identifier une transition \u03b3 tr\u00e8s collective entre \u00e9tats r\u00e9sonants clusters, comme celle r\u00e9cemment observ\u00e9e dans <sup>8<\/sup>Be. Nous discuterons des nouvelles techniques de d\u00e9tection \u03b3 et de fragments, ainsi que du lien avec les \u00e9tats super d\u00e9form\u00e9s dans les masses moyennes ou l\u00e9g\u00e8res et les \u00e9tats cluster. En outre, l\u2019\u00e9tude des r\u00e9actions comme la diffusion quasi-libre ou bien le transfert de clusters, permet d\u2019obtenir des informations pr\u00e9cieuses sur la structure en cluster des noyaux \u00e9tudi\u00e9s. Plus g\u00e9n\u00e9ralement, nous nous poserons aussi les questions suivantes&nbsp;: comment mesurer la localisation spatiale&nbsp;? Quel est le lien entre clusterisation au sein des noyaux et dans l\u2019\u00e9corce des \u00e9toiles \u00e0 neutrons&nbsp;? Que nous apprend la compl\u00e9mentarit\u00e9 des diff\u00e9rentes approches th\u00e9oriques capables de pr\u00e9dire la clusterisation nucl\u00e9aire&nbsp;?<\/p>\n\n\n\n<p><strong>Quelle est la limite de stabilit\u00e9 des noyaux \u00e0 halos&nbsp;? Comment les halos \u00e9mergent-ils de la th\u00e9orie&nbsp;?<\/strong><\/p>\n\n\n\n<p>Les noyaux \u00e0 halo sont situ\u00e9s \u00e0 la limite de la stabilit\u00e9 nucl\u00e9aire des noyaux l\u00e9gers (Z&lt;10) et ont la particularit\u00e9 d\u2019\u00eatre spatialement beaucoup plus \u00e9tendus que leurs voisins. Cette propri\u00e9t\u00e9 de tr\u00e8s basse \u00e9nergie se r\u00e9percute sur leur stabilit\u00e9 et le halo a g\u00e9n\u00e9ralement une \u00e9nergie de liaison de l\u2019ordre de quelques centaines de keV seulement. Des questions se posent encore sur les propri\u00e9t\u00e9s de l\u2019\u00e9tat fondamental de certains noyaux, comme <sup>26<\/sup>O (avec seulement 18 keV d&rsquo;\u00e9nergie de liaison), <sup>28<\/sup>O (doublement magique), ainsi que les halos de di-neutrons comme <sup>19<\/sup>B et <sup>22<\/sup>C dont les S<sub>2n<\/sub> sont compatibles avec 0. Du point de vue th\u00e9orique, l\u2019apparition d\u2019une \u00e9chelle de tr\u00e8s basse \u00e9nergie permet de formuler une th\u00e9orie effective pour ces noyaux dite \u00ab&nbsp;Halo EFT&nbsp;\u00bb. De nombreuses questions restent en suspend : reste t-il encore des noyaux \u00e0 halos \u00e0 d\u00e9couvrir&nbsp;? Peut-on former un halo de 4 neutrons&nbsp;? Existe t-il une radioactivit\u00e9 t\u00e9tra-neutron&nbsp;? Quelles sont les propri\u00e9t\u00e9s du t\u00e9tra-neutron&nbsp;? La dripline est-elle une limite d\u00e9finitive, o\u00f9 bien y a t-il des \u00ab&nbsp;ilots&nbsp;\u00bb de stabilit\u00e9 au del\u00e0&nbsp;? Comment la propri\u00e9t\u00e9 de halo \u00e9volue-t-elle avec la charge des noyaux (pour Z&gt;10)&nbsp;? Quel est le lien entre noyau \u00e0 halo et peau de neutron dans les noyaux plus lourds&nbsp;?<\/p>\n\n\n\n<p><strong>La d\u00e9croissance beta nous r\u00e9serve t-elle encore des surprises&nbsp;?<\/strong><\/p>\n\n\n\n<p>La plupart des noyaux, \u00e0 l\u2019exception des noyaux stables, sont soumis \u00e0 la d\u00e9croissance beta&nbsp;: \u03b2+ pour les pauvres en neutrons, et \u03b2- pour les riches en neutrons. La d\u00e9pendance en isospin de la d\u00e9croissance beta est encore un sujet d\u2019actualit\u00e9, \u00e0 la fois pour la compr\u00e9hension des processus fondamentaux mis en jeu, mais aussi pour la physique des r\u00e9acteurs dont la mod\u00e9lisation repose encore sur de nombreuses pr\u00e9dictions th\u00e9oriques. La d\u00e9tection des anti-neutrinos des r\u00e9acteurs n\u00e9cessite aussi de conna\u00eetre la forme des spectres beta des transitions interdites non-uniques, encore tr\u00e8s peu connues. D\u2019un point de vue fondamental, les courants vectoriels (Fermi) et axial-vectoriel (Gamow-Teller)&nbsp;sont bien connus et l\u2019on recherche des traces d\u2019autres courants comme les courants scalaires, tensoriels, pseudo-scalaires dans les d\u00e9croissances \u03b2. Si ces courants existent, comment les mesurer&nbsp;(dispositifs, analyse, support th\u00e9orique) ? Y a t-il un lien entre les mesures de d\u00e9croissance \u03b2 de pr\u00e9cision \u00e0 basse \u00e9nergie et les \u00e9tudes \u00e0 haute \u00e9nergie au LHC ? Enfin, l\u2019\u00e9tude de la d\u00e9sint\u00e9gration double-beta permet de mieux caract\u00e9riser les propri\u00e9t\u00e9s des neutrinos. En effet, la physique nucl\u00e9aire y joue un r\u00f4le tr\u00e8s important \u00e0 travers les \u00e9l\u00e9ments de matrice de transition, mais il reste encore de nombreuses incertitudes th\u00e9oriques \u00e0 ce sujet. Comment r\u00e9soudre ces probl\u00e8mes th\u00e9oriques et rendre les \u00e9tudes de d\u00e9sint\u00e9gration double-beta plus conclusives&nbsp;?<\/p>\n\n\n\n<p><strong>Comment \u00e9tendre l\u2019interaction nucl\u00e9aire aux noyaux avec \u00e9tranget\u00e9&nbsp;?&nbsp;Quelles nouvelles donn\u00e9es sont n\u00e9cessaires&nbsp;?<\/strong><\/p>\n\n\n\n<p>La compr\u00e9hension de la force nucl\u00e9aire peut s\u2019\u00e9tendre \u00e0 la sym\u00e9trie SU(3) via l\u2019\u00e9tude des hypernoyaux. Les hypernoyaux proches de la ligne de stabilit\u00e9 ont \u00e9t\u00e9 \u00e9tudi\u00e9s principalement via des r\u00e9actions induites par des faisceaux de kaons ou d\u2019\u00e9lectrons et leur spectroscopie est d\u2019abord associ\u00e9e aux mesures de dur\u00e9es de vie. En plus du nouveau degr\u00e9 de libert\u00e9 reli\u00e9 \u00e0 l\u2019\u00e9tranget\u00e9, l\u2019asym\u00e9trie en isospin permet de former des noyaux \u00ab&nbsp;hyper-exotiques&nbsp;\u00bb, comme par exemple 2n-\u039b. Ajouter un hyp\u00e9ron dans un noyau peut aussi \u00eatre utilis\u00e9 comme sonde du c\u0153ur des noyaux, non sujet au principe de Pauli. Les hypernoyaux pourraient donc permettre d\u2019extraire des propri\u00e9t\u00e9s du noyau difficiles \u00e0 mesurer directement. Finalement, les hypernoyaux apportent des contraintes pour la mati\u00e8re hyperonique qui pourrait exister dans le c\u0153ur des \u00e9toiles compactes. Cette th\u00e9matique concerne essentiellement les \u00e9tudes exp\u00e9rimentales qui pourraient \u00eatre faites \u00e0 FAIR-GSI.<\/p>\n","protected":false},"excerpt":{"rendered":"<p>Quelle est la structure et la dynamique des syst\u00e8mes faiblement li\u00e9s (noyaux exotiques) ? Animateurs: Guillaume Hupin (IPN Orsay), Olivier Sorlin (GANIL). Pour vous inscrire sur la liste du groupe de travail: cliquer sur ce lien. Prochaines r\u00e9unions du groupe de travail: R\u00e9union du GT1, 19-21 novembre 2018, IPN Orsay. Nuclear structure under extreme conditions, &hellip; <a href=\"https:\/\/resanet.in2p3.fr\/?page_id=183\" class=\"more-link\">Continuer la lecture<span class=\"screen-reader-text\"> de &laquo;&nbsp;GT1: Fonctionnement&nbsp;&raquo;<\/span><\/a><\/p>\n","protected":false},"author":6,"featured_media":0,"parent":0,"menu_order":0,"comment_status":"closed","ping_status":"closed","template":"","meta":{"footnotes":""},"class_list":["post-183","page","type-page","status-publish","hentry"],"_links":{"self":[{"href":"https:\/\/resanet.in2p3.fr\/index.php?rest_route=\/wp\/v2\/pages\/183","targetHints":{"allow":["GET"]}}],"collection":[{"href":"https:\/\/resanet.in2p3.fr\/index.php?rest_route=\/wp\/v2\/pages"}],"about":[{"href":"https:\/\/resanet.in2p3.fr\/index.php?rest_route=\/wp\/v2\/types\/page"}],"author":[{"embeddable":true,"href":"https:\/\/resanet.in2p3.fr\/index.php?rest_route=\/wp\/v2\/users\/6"}],"replies":[{"embeddable":true,"href":"https:\/\/resanet.in2p3.fr\/index.php?rest_route=%2Fwp%2Fv2%2Fcomments&post=183"}],"version-history":[{"count":13,"href":"https:\/\/resanet.in2p3.fr\/index.php?rest_route=\/wp\/v2\/pages\/183\/revisions"}],"predecessor-version":[{"id":1641,"href":"https:\/\/resanet.in2p3.fr\/index.php?rest_route=\/wp\/v2\/pages\/183\/revisions\/1641"}],"wp:attachment":[{"href":"https:\/\/resanet.in2p3.fr\/index.php?rest_route=%2Fwp%2Fv2%2Fmedia&parent=183"}],"curies":[{"name":"wp","href":"https:\/\/api.w.org\/{rel}","templated":true}]}}