{"id":1008,"date":"2020-11-09T10:55:52","date_gmt":"2020-11-09T09:55:52","guid":{"rendered":"http:\/\/resanet.in2p3.fr\/?page_id=1008"},"modified":"2020-12-10T15:02:09","modified_gmt":"2020-12-10T14:02:09","slug":"ag-2020-du-gdr","status":"publish","type":"page","link":"https:\/\/resanet.in2p3.fr\/?page_id=1008","title":{"rendered":"AG 2020 du GdR"},"content":{"rendered":"\n<p>L&rsquo;Assembl\u00e9e G\u00e9n\u00e9rale du GdR se tiendra du mercredi 9\/12 au jeudi 10\/12 de 14h \u00e0 17h. Nous encourageons toute la communaut\u00e9 \u00e0 participer (inscription non obligatoire mais souhait\u00e9e sur&nbsp;<a href=\"https:\/\/indico.in2p3.fr\/event\/22900\/\">https:\/\/indico.in2p3.fr\/event\/22900\/<\/a>) et un lien de connexion sera diffus\u00e9 via la liste de diffusion du GdR. Le programme est constitu\u00e9 de restitutions des groupes de travail,  d&rsquo;une table ronde et de la pr\u00e9sentation du rapport \u00ab\u00a0physique et astrophysique nucl\u00e9aire\u00a0\u00bb des prospectives nationales en cours.<\/p>\n\n\n\n<p><strong>Mercredi 9 d\u00e9cembre<\/strong><br><\/p>\n\n\n\n<ul class=\"wp-block-list\"><li>14h00-14h40: bilan et perspectives du GT1 (G. Hupin, O. Sorlin; chair: B. Blank, S. Courtin)<\/li><li>14h40-15h20: bilan et perspectives du GT2 (M. Bender, A. Lopez-Martens, D. Verney; chair: E. Khan, H. Savajols)<\/li><li>15h20-15h40: pause<\/li><li>15h40-16h20: bilan et perspectives du GT3 (T. Duguet, J.-P. Ebran, U. van Kolck; chair: S. Hilaire, F. Nowacki)<\/li><li>16h20-17h00: bilan et perspectives du GT4 (F. Hammache, M. Oertel; chair: F. Gulminelli, F. de Oliveira)<\/li><\/ul>\n\n\n\n<p><strong>Photo des participants:<\/strong><\/p>\n\n\n\n<div class=\"wp-block-group\"><div class=\"wp-block-group__inner-container is-layout-flow wp-block-group-is-layout-flow\">\n<figure class=\"wp-block-gallery aligncenter columns-2 is-cropped wp-block-gallery-1 is-layout-flex wp-block-gallery-is-layout-flex\"><ul class=\"blocks-gallery-grid\"><li class=\"blocks-gallery-item\"><figure><img loading=\"lazy\" decoding=\"async\" width=\"1024\" height=\"587\" src=\"http:\/\/resanet.in2p3.fr\/wp-content\/uploads\/2020\/12\/Capture-decran-2020-12-09-a-15.16.46-1024x587.png\" alt=\"\" data-id=\"1095\" data-link=\"http:\/\/resanet.in2p3.fr\/?attachment_id=1095\" class=\"wp-image-1095\" srcset=\"https:\/\/resanet.in2p3.fr\/wp-content\/uploads\/2020\/12\/Capture-decran-2020-12-09-a-15.16.46-1024x587.png 1024w, https:\/\/resanet.in2p3.fr\/wp-content\/uploads\/2020\/12\/Capture-decran-2020-12-09-a-15.16.46-300x172.png 300w, https:\/\/resanet.in2p3.fr\/wp-content\/uploads\/2020\/12\/Capture-decran-2020-12-09-a-15.16.46-768x440.png 768w, https:\/\/resanet.in2p3.fr\/wp-content\/uploads\/2020\/12\/Capture-decran-2020-12-09-a-15.16.46-1200x687.png 1200w, https:\/\/resanet.in2p3.fr\/wp-content\/uploads\/2020\/12\/Capture-decran-2020-12-09-a-15.16.46.png 1388w\" sizes=\"auto, (max-width: 709px) 85vw, (max-width: 909px) 67vw, (max-width: 1362px) 62vw, 840px\" \/><\/figure><\/li><li class=\"blocks-gallery-item\"><figure><img loading=\"lazy\" decoding=\"async\" width=\"1024\" height=\"583\" src=\"http:\/\/resanet.in2p3.fr\/wp-content\/uploads\/2020\/12\/Capture-decran-2020-12-09-a-15.16.49-1024x583.png\" alt=\"\" data-id=\"1096\" data-link=\"http:\/\/resanet.in2p3.fr\/?attachment_id=1096\" class=\"wp-image-1096\" srcset=\"https:\/\/resanet.in2p3.fr\/wp-content\/uploads\/2020\/12\/Capture-decran-2020-12-09-a-15.16.49-1024x583.png 1024w, https:\/\/resanet.in2p3.fr\/wp-content\/uploads\/2020\/12\/Capture-decran-2020-12-09-a-15.16.49-300x171.png 300w, https:\/\/resanet.in2p3.fr\/wp-content\/uploads\/2020\/12\/Capture-decran-2020-12-09-a-15.16.49-768x437.png 768w, https:\/\/resanet.in2p3.fr\/wp-content\/uploads\/2020\/12\/Capture-decran-2020-12-09-a-15.16.49-1200x683.png 1200w, https:\/\/resanet.in2p3.fr\/wp-content\/uploads\/2020\/12\/Capture-decran-2020-12-09-a-15.16.49.png 1387w\" sizes=\"auto, (max-width: 709px) 85vw, (max-width: 909px) 67vw, (max-width: 1362px) 62vw, 840px\" \/><\/figure><\/li><\/ul><\/figure>\n\n\n\n<figure class=\"wp-block-gallery columns-2 is-cropped wp-block-gallery-2 is-layout-flex wp-block-gallery-is-layout-flex\"><ul class=\"blocks-gallery-grid\"><li class=\"blocks-gallery-item\"><figure><img loading=\"lazy\" decoding=\"async\" width=\"1024\" height=\"585\" src=\"http:\/\/resanet.in2p3.fr\/wp-content\/uploads\/2020\/12\/Capture-decran-2020-12-09-a-15.16.50-1-1024x585.png\" alt=\"\" data-id=\"1100\" data-link=\"http:\/\/resanet.in2p3.fr\/?attachment_id=1100\" class=\"wp-image-1100\" srcset=\"https:\/\/resanet.in2p3.fr\/wp-content\/uploads\/2020\/12\/Capture-decran-2020-12-09-a-15.16.50-1-1024x585.png 1024w, https:\/\/resanet.in2p3.fr\/wp-content\/uploads\/2020\/12\/Capture-decran-2020-12-09-a-15.16.50-1-300x171.png 300w, https:\/\/resanet.in2p3.fr\/wp-content\/uploads\/2020\/12\/Capture-decran-2020-12-09-a-15.16.50-1-768x439.png 768w, https:\/\/resanet.in2p3.fr\/wp-content\/uploads\/2020\/12\/Capture-decran-2020-12-09-a-15.16.50-1-1200x686.png 1200w, https:\/\/resanet.in2p3.fr\/wp-content\/uploads\/2020\/12\/Capture-decran-2020-12-09-a-15.16.50-1.png 1386w\" sizes=\"auto, (max-width: 709px) 85vw, (max-width: 909px) 67vw, (max-width: 1362px) 62vw, 840px\" \/><\/figure><\/li><li class=\"blocks-gallery-item\"><figure><img loading=\"lazy\" decoding=\"async\" width=\"1024\" height=\"583\" src=\"http:\/\/resanet.in2p3.fr\/wp-content\/uploads\/2020\/12\/Capture-decran-2020-12-09-a-15.16.52-1-1024x583.png\" alt=\"\" data-id=\"1101\" data-full-url=\"http:\/\/resanet.in2p3.fr\/wp-content\/uploads\/2020\/12\/Capture-decran-2020-12-09-a-15.16.52-1.png\" data-link=\"http:\/\/resanet.in2p3.fr\/?attachment_id=1101\" class=\"wp-image-1101\" srcset=\"https:\/\/resanet.in2p3.fr\/wp-content\/uploads\/2020\/12\/Capture-decran-2020-12-09-a-15.16.52-1-1024x583.png 1024w, https:\/\/resanet.in2p3.fr\/wp-content\/uploads\/2020\/12\/Capture-decran-2020-12-09-a-15.16.52-1-300x171.png 300w, https:\/\/resanet.in2p3.fr\/wp-content\/uploads\/2020\/12\/Capture-decran-2020-12-09-a-15.16.52-1-768x437.png 768w, https:\/\/resanet.in2p3.fr\/wp-content\/uploads\/2020\/12\/Capture-decran-2020-12-09-a-15.16.52-1-1200x683.png 1200w, https:\/\/resanet.in2p3.fr\/wp-content\/uploads\/2020\/12\/Capture-decran-2020-12-09-a-15.16.52-1.png 1389w\" sizes=\"auto, (max-width: 709px) 85vw, (max-width: 909px) 67vw, (max-width: 1362px) 62vw, 840px\" \/><\/figure><\/li><\/ul><\/figure>\n<\/div><\/div>\n\n\n\n<p><strong>Jeudi 10 d\u00e9cembre<\/strong><\/p>\n\n\n\n<ul class=\"wp-block-list\"><li>14h00-14h40: bilan et perspectives du GT5 (E. Legay, A. Matta, O. Stezowski; chair: M. Fallot, B. Sulignano)<\/li><li>14h40-15h00: pause<\/li><li>15h-16h: table ronde du GdR<ul><li>information et discussion sur les <a rel=\"noreferrer noopener\" aria-label=\"rencontres PhyNuBE. (s\u2019ouvre dans un nouvel onglet)\" href=\"https:\/\/indico.in2p3.fr\/event\/20625\/\" target=\"_blank\">rencontres PhyNuBE.<\/a><\/li><li>pr\u00e9sentation du groupe communication et de ses actions.<\/li><li>discussion d&rsquo;actions transverses entre GTs.<\/li><li>bilan et perspectives \u00e0 mi-parcours du GdR.<\/li><\/ul><\/li><li>16h-17h: pr\u00e9sentation des <a rel=\"noreferrer noopener\" aria-label=\"prospectives nationales en physique et astrophysique nucl\u00e9aires (s\u2019ouvre dans un nouvel onglet)\" href=\"https:\/\/prospectives2020.in2p3.fr\/?page_id=8\" target=\"_blank\">prospectives nationales en physique et astrophysique nucl\u00e9aire<\/a>, en particulier du rapport \u00e9crit (disponible <a rel=\"noreferrer noopener\" href=\"https:\/\/prospectives2020.in2p3.fr\/?page_id=313\" target=\"_blank\">ici<\/a>).<\/li><\/ul>\n\n\n\n<p><strong>Photo des participants:<\/strong><\/p>\n\n\n\n<figure class=\"wp-block-gallery columns-2 is-cropped wp-block-gallery-3 is-layout-flex wp-block-gallery-is-layout-flex\"><ul class=\"blocks-gallery-grid\"><li class=\"blocks-gallery-item\"><figure><img loading=\"lazy\" decoding=\"async\" width=\"1024\" height=\"587\" src=\"http:\/\/resanet.in2p3.fr\/wp-content\/uploads\/2020\/12\/Capture-decran-2020-12-10-a-14.56.03-1024x587.png\" alt=\"\" data-id=\"1105\" data-full-url=\"http:\/\/resanet.in2p3.fr\/wp-content\/uploads\/2020\/12\/Capture-decran-2020-12-10-a-14.56.03.png\" data-link=\"http:\/\/resanet.in2p3.fr\/?attachment_id=1105\" class=\"wp-image-1105\" srcset=\"https:\/\/resanet.in2p3.fr\/wp-content\/uploads\/2020\/12\/Capture-decran-2020-12-10-a-14.56.03-1024x587.png 1024w, https:\/\/resanet.in2p3.fr\/wp-content\/uploads\/2020\/12\/Capture-decran-2020-12-10-a-14.56.03-300x172.png 300w, https:\/\/resanet.in2p3.fr\/wp-content\/uploads\/2020\/12\/Capture-decran-2020-12-10-a-14.56.03-768x440.png 768w, https:\/\/resanet.in2p3.fr\/wp-content\/uploads\/2020\/12\/Capture-decran-2020-12-10-a-14.56.03-1200x688.png 1200w, https:\/\/resanet.in2p3.fr\/wp-content\/uploads\/2020\/12\/Capture-decran-2020-12-10-a-14.56.03.png 1385w\" sizes=\"auto, (max-width: 709px) 85vw, (max-width: 909px) 67vw, (max-width: 1362px) 62vw, 840px\" \/><\/figure><\/li><li class=\"blocks-gallery-item\"><figure><img loading=\"lazy\" decoding=\"async\" width=\"1024\" height=\"586\" src=\"http:\/\/resanet.in2p3.fr\/wp-content\/uploads\/2020\/12\/Capture-decran-2020-12-10-a-14.56.07-1024x586.png\" alt=\"\" data-id=\"1106\" data-full-url=\"http:\/\/resanet.in2p3.fr\/wp-content\/uploads\/2020\/12\/Capture-decran-2020-12-10-a-14.56.07.png\" data-link=\"http:\/\/resanet.in2p3.fr\/?attachment_id=1106\" class=\"wp-image-1106\" srcset=\"https:\/\/resanet.in2p3.fr\/wp-content\/uploads\/2020\/12\/Capture-decran-2020-12-10-a-14.56.07-1024x586.png 1024w, https:\/\/resanet.in2p3.fr\/wp-content\/uploads\/2020\/12\/Capture-decran-2020-12-10-a-14.56.07-300x172.png 300w, https:\/\/resanet.in2p3.fr\/wp-content\/uploads\/2020\/12\/Capture-decran-2020-12-10-a-14.56.07-768x440.png 768w, https:\/\/resanet.in2p3.fr\/wp-content\/uploads\/2020\/12\/Capture-decran-2020-12-10-a-14.56.07-1200x687.png 1200w, https:\/\/resanet.in2p3.fr\/wp-content\/uploads\/2020\/12\/Capture-decran-2020-12-10-a-14.56.07.png 1389w\" sizes=\"auto, (max-width: 709px) 85vw, (max-width: 909px) 67vw, (max-width: 1362px) 62vw, 840px\" \/><\/figure><\/li><\/ul><\/figure>\n\n\n\n<figure class=\"wp-block-gallery columns-2 is-cropped wp-block-gallery-4 is-layout-flex wp-block-gallery-is-layout-flex\"><ul class=\"blocks-gallery-grid\"><li class=\"blocks-gallery-item\"><figure><img loading=\"lazy\" decoding=\"async\" width=\"1024\" height=\"587\" src=\"http:\/\/resanet.in2p3.fr\/wp-content\/uploads\/2020\/12\/Capture-decran-2020-12-10-a-14.56.11-1024x587.png\" alt=\"\" data-id=\"1107\" data-full-url=\"http:\/\/resanet.in2p3.fr\/wp-content\/uploads\/2020\/12\/Capture-decran-2020-12-10-a-14.56.11.png\" data-link=\"http:\/\/resanet.in2p3.fr\/?attachment_id=1107\" class=\"wp-image-1107\" srcset=\"https:\/\/resanet.in2p3.fr\/wp-content\/uploads\/2020\/12\/Capture-decran-2020-12-10-a-14.56.11-1024x587.png 1024w, https:\/\/resanet.in2p3.fr\/wp-content\/uploads\/2020\/12\/Capture-decran-2020-12-10-a-14.56.11-300x172.png 300w, https:\/\/resanet.in2p3.fr\/wp-content\/uploads\/2020\/12\/Capture-decran-2020-12-10-a-14.56.11-768x440.png 768w, https:\/\/resanet.in2p3.fr\/wp-content\/uploads\/2020\/12\/Capture-decran-2020-12-10-a-14.56.11-1200x688.png 1200w, https:\/\/resanet.in2p3.fr\/wp-content\/uploads\/2020\/12\/Capture-decran-2020-12-10-a-14.56.11.png 1385w\" sizes=\"auto, (max-width: 709px) 85vw, (max-width: 909px) 67vw, (max-width: 1362px) 62vw, 840px\" \/><\/figure><\/li><li class=\"blocks-gallery-item\"><figure><img loading=\"lazy\" decoding=\"async\" width=\"1024\" height=\"582\" src=\"http:\/\/resanet.in2p3.fr\/wp-content\/uploads\/2020\/12\/Capture-decran-2020-12-10-a-14.56.13-1024x582.png\" alt=\"\" data-id=\"1108\" data-full-url=\"http:\/\/resanet.in2p3.fr\/wp-content\/uploads\/2020\/12\/Capture-decran-2020-12-10-a-14.56.13.png\" data-link=\"http:\/\/resanet.in2p3.fr\/?attachment_id=1108\" class=\"wp-image-1108\" srcset=\"https:\/\/resanet.in2p3.fr\/wp-content\/uploads\/2020\/12\/Capture-decran-2020-12-10-a-14.56.13-1024x582.png 1024w, https:\/\/resanet.in2p3.fr\/wp-content\/uploads\/2020\/12\/Capture-decran-2020-12-10-a-14.56.13-300x171.png 300w, https:\/\/resanet.in2p3.fr\/wp-content\/uploads\/2020\/12\/Capture-decran-2020-12-10-a-14.56.13-768x437.png 768w, https:\/\/resanet.in2p3.fr\/wp-content\/uploads\/2020\/12\/Capture-decran-2020-12-10-a-14.56.13-1200x683.png 1200w, https:\/\/resanet.in2p3.fr\/wp-content\/uploads\/2020\/12\/Capture-decran-2020-12-10-a-14.56.13.png 1389w\" sizes=\"auto, (max-width: 709px) 85vw, (max-width: 909px) 67vw, (max-width: 1362px) 62vw, 840px\" \/><\/figure><\/li><\/ul><\/figure>\n","protected":false},"excerpt":{"rendered":"<p>L&rsquo;Assembl\u00e9e G\u00e9n\u00e9rale du GdR se tiendra du mercredi 9\/12 au jeudi 10\/12 de 14h \u00e0 17h. Nous encourageons toute la communaut\u00e9 \u00e0 participer (inscription non obligatoire mais souhait\u00e9e sur&nbsp;https:\/\/indico.in2p3.fr\/event\/22900\/) et un lien de connexion sera diffus\u00e9 via la liste de diffusion du GdR. Le programme est constitu\u00e9 de restitutions des groupes de travail, d&rsquo;une table &hellip; <a href=\"https:\/\/resanet.in2p3.fr\/?page_id=1008\" class=\"more-link\">Continuer la lecture<span class=\"screen-reader-text\"> de &laquo;&nbsp;AG 2020 du GdR&nbsp;&raquo;<\/span><\/a><\/p>\n","protected":false},"author":6,"featured_media":0,"parent":0,"menu_order":0,"comment_status":"closed","ping_status":"closed","template":"","meta":{"footnotes":""},"class_list":["post-1008","page","type-page","status-publish","hentry"],"_links":{"self":[{"href":"https:\/\/resanet.in2p3.fr\/index.php?rest_route=\/wp\/v2\/pages\/1008","targetHints":{"allow":["GET"]}}],"collection":[{"href":"https:\/\/resanet.in2p3.fr\/index.php?rest_route=\/wp\/v2\/pages"}],"about":[{"href":"https:\/\/resanet.in2p3.fr\/index.php?rest_route=\/wp\/v2\/types\/page"}],"author":[{"embeddable":true,"href":"https:\/\/resanet.in2p3.fr\/index.php?rest_route=\/wp\/v2\/users\/6"}],"replies":[{"embeddable":true,"href":"https:\/\/resanet.in2p3.fr\/index.php?rest_route=%2Fwp%2Fv2%2Fcomments&post=1008"}],"version-history":[{"count":17,"href":"https:\/\/resanet.in2p3.fr\/index.php?rest_route=\/wp\/v2\/pages\/1008\/revisions"}],"predecessor-version":[{"id":1109,"href":"https:\/\/resanet.in2p3.fr\/index.php?rest_route=\/wp\/v2\/pages\/1008\/revisions\/1109"}],"wp:attachment":[{"href":"https:\/\/resanet.in2p3.fr\/index.php?rest_route=%2Fwp%2Fv2%2Fmedia&parent=1008"}],"curies":[{"name":"wp","href":"https:\/\/api.w.org\/{rel}","templated":true}]}}